{"id":897,"date":"2024-10-17T18:36:45","date_gmt":"2024-10-17T18:36:45","guid":{"rendered":"https:\/\/terangagoods.com\/?post_type=product&#038;p=897"},"modified":"2026-04-23T01:45:28","modified_gmt":"2026-04-23T01:45:28","slug":"montre-femme-collection-amazone-dior","status":"publish","type":"product","link":"https:\/\/terangagoods.com\/index.php\/product\/montre-femme-collection-amazone-dior\/","title":{"rendered":"Montre Femme Collection Amazone \u2013 Dior"},"content":{"rendered":"<p class=\"p1\">Que ce soit en affaires ou dans la vie personnelle, cette montre sublime chaque moment avec une \u00e9l\u00e9gance naturelle, rappelant \u00e0 chaque instant la force qui r\u00e9side en chacune de nous.<\/p>\n<p class=\"p1\"><strong>Mati\u00e8re du Bracelet :<\/strong> Acier Inoxydable<\/p>\n<p class=\"p1\"><strong>Couleur du Cadran : <\/strong>Rose Gold<\/p>\n<p class=\"p1\"><strong>Fond :<\/strong> Rose Gold<\/p>\n<p class=\"p1\"><strong>Taille de bo\u00eetier<\/strong> : 32mm<\/p>\n<p class=\"p1\"><strong>Mati\u00e8re du bo\u00eetier :<\/strong> Acier Inoxydable<\/p>\n<p class=\"p1\"><strong>Verre :<\/strong> Min\u00e9ral<\/p>\n<p class=\"p1\"><strong>R\u00e9sistance \u00e0 l\u2019eau :<\/strong> 3 ATM<\/p>\n<p class=\"p1\"><strong>Bracelet Interchangeable :<\/strong> Oui<\/p>\n","protected":false},"excerpt":{"rendered":"<p><strong>Collection Amazone : Ensemble, Plus Fortes<\/strong><\/p>\n<p>En soutien \u00e0 Octobre Rose, la collection Amazone rend hommage \u00e0 la force des femmes face au cancer du sein.<\/p>\n<p>Con\u00e7ue pour accompagner la femme moderne \u00e0 travers les d\u00e9fis du quotidien, la montre <strong>Dior<\/strong> incarne le parfait \u00e9quilibre entre puissance int\u00e9rieure et d\u00e9licatesse.<\/p>\n","protected":false},"featured_media":898,"comment_status":"open","ping_status":"closed","template":"","meta":[],"product_brand":[],"product_cat":[34,35],"product_tag":[38,40,54],"class_list":{"0":"post-897","1":"product","2":"type-product","3":"status-publish","4":"has-post-thumbnail","6":"product_cat-montres","7":"product_cat-montres-femme","8":"product_tag-femmes","9":"product_tag-montres-femmes","10":"product_tag-octobrerose","12":"first","13":"instock","14":"shipping-taxable","15":"purchasable","16":"product-type-simple"},"_links":{"self":[{"href":"https:\/\/terangagoods.com\/index.php\/wp-json\/wp\/v2\/product\/897","targetHints":{"allow":["GET"]}}],"collection":[{"href":"https:\/\/terangagoods.com\/index.php\/wp-json\/wp\/v2\/product"}],"about":[{"href":"https:\/\/terangagoods.com\/index.php\/wp-json\/wp\/v2\/types\/product"}],"replies":[{"embeddable":true,"href":"https:\/\/terangagoods.com\/index.php\/wp-json\/wp\/v2\/comments?post=897"}],"wp:featuredmedia":[{"embeddable":true,"href":"https:\/\/terangagoods.com\/index.php\/wp-json\/wp\/v2\/media\/898"}],"wp:attachment":[{"href":"https:\/\/terangagoods.com\/index.php\/wp-json\/wp\/v2\/media?parent=897"}],"wp:term":[{"taxonomy":"product_brand","embeddable":true,"href":"https:\/\/terangagoods.com\/index.php\/wp-json\/wp\/v2\/product_brand?post=897"},{"taxonomy":"product_cat","embeddable":true,"href":"https:\/\/terangagoods.com\/index.php\/wp-json\/wp\/v2\/product_cat?post=897"},{"taxonomy":"product_tag","embeddable":true,"href":"https:\/\/terangagoods.com\/index.php\/wp-json\/wp\/v2\/product_tag?post=897"}],"curies":[{"name":"wp","href":"https:\/\/api.w.org\/{rel}","templated":true}]}}