{"id":885,"date":"2024-10-06T15:25:06","date_gmt":"2024-10-06T15:25:06","guid":{"rendered":"https:\/\/terangagoods.com\/?post_type=product&#038;p=885"},"modified":"2025-12-04T11:32:45","modified_gmt":"2025-12-04T11:32:45","slug":"magui-boucles-doreilles-triangle-silver-argente","status":"publish","type":"product","link":"https:\/\/terangagoods.com\/index.php\/product\/magui-boucles-doreilles-triangle-silver-argente\/","title":{"rendered":"Magui &#8211; Boucles d&rsquo;oreilles Triangle Silver (Argent\u00e9)"},"content":{"rendered":"<p class=\"p1\">Un choix id\u00e9al pour ceux qui recherchent un accessoire \u00e0 la fois moderne et intemporel.<\/p>\n<p class=\"p1\"><strong>Mati\u00e8re :<\/strong> Acier Inoxydable<\/p>\n<p class=\"p1\"><strong>Finition :<\/strong> Plaqu\u00e9<\/p>\n<p><strong>Dimension:<\/strong> 3cm<\/p>\n","protected":false},"excerpt":{"rendered":"<h4>Ajoutez une note d&rsquo;\u00e9l\u00e9gance raffin\u00e9e \u00e0 votre look avec nos boucles d&rsquo;oreilles Triangle Magui.<\/h4>\n<p>Elles sont parfaites pour un port quotidien ou pour sublimer vos tenues lors d&rsquo;occasions sp\u00e9ciales.<\/p>\n","protected":false},"featured_media":886,"comment_status":"open","ping_status":"closed","template":"","meta":[],"product_brand":[],"product_cat":[41,53],"product_tag":[],"class_list":{"0":"post-885","1":"product","2":"type-product","3":"status-publish","4":"has-post-thumbnail","6":"product_cat-accessoires","7":"product_cat-boucles-doreilles","9":"first","10":"instock","11":"sale","12":"shipping-taxable","13":"purchasable","14":"product-type-simple"},"_links":{"self":[{"href":"https:\/\/terangagoods.com\/index.php\/wp-json\/wp\/v2\/product\/885","targetHints":{"allow":["GET"]}}],"collection":[{"href":"https:\/\/terangagoods.com\/index.php\/wp-json\/wp\/v2\/product"}],"about":[{"href":"https:\/\/terangagoods.com\/index.php\/wp-json\/wp\/v2\/types\/product"}],"replies":[{"embeddable":true,"href":"https:\/\/terangagoods.com\/index.php\/wp-json\/wp\/v2\/comments?post=885"}],"wp:featuredmedia":[{"embeddable":true,"href":"https:\/\/terangagoods.com\/index.php\/wp-json\/wp\/v2\/media\/886"}],"wp:attachment":[{"href":"https:\/\/terangagoods.com\/index.php\/wp-json\/wp\/v2\/media?parent=885"}],"wp:term":[{"taxonomy":"product_brand","embeddable":true,"href":"https:\/\/terangagoods.com\/index.php\/wp-json\/wp\/v2\/product_brand?post=885"},{"taxonomy":"product_cat","embeddable":true,"href":"https:\/\/terangagoods.com\/index.php\/wp-json\/wp\/v2\/product_cat?post=885"},{"taxonomy":"product_tag","embeddable":true,"href":"https:\/\/terangagoods.com\/index.php\/wp-json\/wp\/v2\/product_tag?post=885"}],"curies":[{"name":"wp","href":"https:\/\/api.w.org\/{rel}","templated":true}]}}