{"id":871,"date":"2024-10-05T18:52:26","date_gmt":"2024-10-05T18:52:26","guid":{"rendered":"https:\/\/terangagoods.com\/?post_type=product&#038;p=871"},"modified":"2026-03-19T19:43:15","modified_gmt":"2026-03-19T19:43:15","slug":"bracelet-trefle-mareme-gold-dore-acier-inoxydable","status":"publish","type":"product","link":"https:\/\/terangagoods.com\/index.php\/product\/bracelet-trefle-mareme-gold-dore-acier-inoxydable\/","title":{"rendered":"Bracelet Tr\u00e8fle Mareme Gold (Dor\u00e9) Acier Inoxydable"},"content":{"rendered":"<p class=\"p1\">Faites briller votre style avec ce bijou \u00e0 la fois chic et significatif !<\/p>\n<p class=\"p1\"><strong>Mati\u00e8re du Bracelet :<\/strong> Acier Inoxydable<\/p>\n<p class=\"p1\"><strong>Pierres :<\/strong> Zircone cubique<\/p>\n<p class=\"p1\"><strong>Finition :<\/strong> Plaqu\u00e9e or jaune 18 carats.<\/p>\n<p class=\"p1\"><strong>Diam\u00e8tre int\u00e9rieur<\/strong> : Environ 59 mm<\/p>\n","protected":false},"excerpt":{"rendered":"<p>Ajoutez une touche d&rsquo;\u00e9l\u00e9gance \u00e0 votre collection avec notre bracelet Tr\u00e8fle Gold en acier inoxydable dor\u00e9.<\/p>\n<p>Ce bijou raffin\u00e9 arbore un charmant motif de tr\u00e8fle, symbolisant la chance et la prosp\u00e9rit\u00e9, d\u00e9licatement rehauss\u00e9 de zircons \u00e9tincelants.<\/p>\n","protected":false},"featured_media":872,"comment_status":"open","ping_status":"closed","template":"","meta":[],"product_brand":[],"product_cat":[41,49],"product_tag":[],"class_list":{"0":"post-871","1":"product","2":"type-product","3":"status-publish","4":"has-post-thumbnail","6":"product_cat-accessoires","7":"product_cat-bracelet","9":"first","10":"instock","11":"shipping-taxable","12":"purchasable","13":"product-type-simple"},"_links":{"self":[{"href":"https:\/\/terangagoods.com\/index.php\/wp-json\/wp\/v2\/product\/871","targetHints":{"allow":["GET"]}}],"collection":[{"href":"https:\/\/terangagoods.com\/index.php\/wp-json\/wp\/v2\/product"}],"about":[{"href":"https:\/\/terangagoods.com\/index.php\/wp-json\/wp\/v2\/types\/product"}],"replies":[{"embeddable":true,"href":"https:\/\/terangagoods.com\/index.php\/wp-json\/wp\/v2\/comments?post=871"}],"wp:featuredmedia":[{"embeddable":true,"href":"https:\/\/terangagoods.com\/index.php\/wp-json\/wp\/v2\/media\/872"}],"wp:attachment":[{"href":"https:\/\/terangagoods.com\/index.php\/wp-json\/wp\/v2\/media?parent=871"}],"wp:term":[{"taxonomy":"product_brand","embeddable":true,"href":"https:\/\/terangagoods.com\/index.php\/wp-json\/wp\/v2\/product_brand?post=871"},{"taxonomy":"product_cat","embeddable":true,"href":"https:\/\/terangagoods.com\/index.php\/wp-json\/wp\/v2\/product_cat?post=871"},{"taxonomy":"product_tag","embeddable":true,"href":"https:\/\/terangagoods.com\/index.php\/wp-json\/wp\/v2\/product_tag?post=871"}],"curies":[{"name":"wp","href":"https:\/\/api.w.org\/{rel}","templated":true}]}}