{"id":867,"date":"2024-10-02T17:06:52","date_gmt":"2024-10-02T17:06:52","guid":{"rendered":"https:\/\/terangagoods.com\/?post_type=product&#038;p=867"},"modified":"2026-03-05T14:37:38","modified_gmt":"2026-03-05T14:37:38","slug":"classic-lam-gold-dore-bracelet-de-teranga-watches-l-xl","status":"publish","type":"product","link":"https:\/\/terangagoods.com\/index.php\/product\/classic-lam-gold-dore-bracelet-de-teranga-watches-l-xl\/","title":{"rendered":"Classic Lam Gold (Dor\u00e9) &#8211; Bracelet de Teranga Watches L\/XL"},"content":{"rendered":"<p class=\"p1\">Le Classic Lam est votre alli\u00e9 id\u00e9al pour apporter une touche distinctive \u00e0 vos montres.<\/p>\n<p class=\"p1\"><strong>Mati\u00e8re du Bracelet :<\/strong> Acier Inoxydable<\/p>\n<p class=\"p1\"><strong>Couleur :<\/strong> Dor\u00e9<\/p>\n<p class=\"p1\"><strong>\u00c9paisseur<\/strong> : 7mm<\/p>\n<p><strong>Taille<\/strong>: L\/XL<\/p>\n<p class=\"p1\"><strong>Conseils d&rsquo;utilisation :<\/strong> Ajustez votre bracelet avec soin pour un maintien parfait et une long\u00e9vit\u00e9 accrue.<\/p>\n<p class=\"p1\">\n","protected":false},"excerpt":{"rendered":"<p>Le Classic Lam allie d\u00e9contraction et \u00e9l\u00e9gance, refl\u00e9tant la simplicit\u00e9 des mod\u00e8les intemporels de Teranga Leather &amp; Watches.<\/p>\n","protected":false},"featured_media":789,"comment_status":"open","ping_status":"closed","template":"","meta":[],"product_brand":[],"product_cat":[41,49],"product_tag":[50],"class_list":{"0":"post-867","1":"product","2":"type-product","3":"status-publish","4":"has-post-thumbnail","6":"product_cat-accessoires","7":"product_cat-bracelet","8":"product_tag-bracelet","10":"first","11":"instock","12":"shipping-taxable","13":"purchasable","14":"product-type-simple"},"_links":{"self":[{"href":"https:\/\/terangagoods.com\/index.php\/wp-json\/wp\/v2\/product\/867","targetHints":{"allow":["GET"]}}],"collection":[{"href":"https:\/\/terangagoods.com\/index.php\/wp-json\/wp\/v2\/product"}],"about":[{"href":"https:\/\/terangagoods.com\/index.php\/wp-json\/wp\/v2\/types\/product"}],"replies":[{"embeddable":true,"href":"https:\/\/terangagoods.com\/index.php\/wp-json\/wp\/v2\/comments?post=867"}],"wp:featuredmedia":[{"embeddable":true,"href":"https:\/\/terangagoods.com\/index.php\/wp-json\/wp\/v2\/media\/789"}],"wp:attachment":[{"href":"https:\/\/terangagoods.com\/index.php\/wp-json\/wp\/v2\/media?parent=867"}],"wp:term":[{"taxonomy":"product_brand","embeddable":true,"href":"https:\/\/terangagoods.com\/index.php\/wp-json\/wp\/v2\/product_brand?post=867"},{"taxonomy":"product_cat","embeddable":true,"href":"https:\/\/terangagoods.com\/index.php\/wp-json\/wp\/v2\/product_cat?post=867"},{"taxonomy":"product_tag","embeddable":true,"href":"https:\/\/terangagoods.com\/index.php\/wp-json\/wp\/v2\/product_tag?post=867"}],"curies":[{"name":"wp","href":"https:\/\/api.w.org\/{rel}","templated":true}]}}