{"id":840,"date":"2024-09-25T23:39:13","date_gmt":"2024-09-25T23:39:13","guid":{"rendered":"https:\/\/terangagoods.com\/?post_type=product&#038;p=840"},"modified":"2025-03-27T10:36:54","modified_gmt":"2025-03-27T10:36:54","slug":"boutons-de-manchette-gold-dore","status":"publish","type":"product","link":"https:\/\/terangagoods.com\/index.php\/product\/boutons-de-manchette-gold-dore\/","title":{"rendered":"Boutons de Manchette Gold (Dor\u00e9)"},"content":{"rendered":"<p>Faites une d\u00e9claration de style et de culture avec ces pi\u00e8ces incontournables !<\/p>\n<p>\ud835\udc03\ud835\udc22\ud835\udc26\ud835\udc1e\ud835\udc27\ud835\udc2c\ud835\udc22\ud835\udc28\ud835\udc27\ud835\udc2c :<br \/>\nLongueur : 20cm<br \/>\nHauteur : 17mm<\/p>\n","protected":false},"excerpt":{"rendered":"<p>\ud835\udc0e\ud835\udc1f\ud835\udc1f\ud835\udc2b\ud835\udc1e\ud835\udc33 \ud835\udc28\ud835\udc2e \ud835\udc29\ud835\udc28\ud835\udc2b\ud835\udc2d\ud835\udc1e\ud835\udc33 \ud835\udc2e\ud835\udc27 \ud835\udc1e\ud835\udc26\ud835\udc1b\ud835\udc25\ud835\udc1e\u0300\ud835\udc26\ud835\udc1e \ud835\udc1d\ud835\udc2e \ud835\udc12\ud835\udc1e\u0301\ud835\udc27\ud835\udc1e\u0301\ud835\udc20\ud835\udc1a\ud835\udc25 \ud835\udc1a\ud835\udc2f\ud835\udc1e\ud835\udc1c \ud835\udc1e\u0301\ud835\udc25\ud835\udc1e\u0301\ud835\udc20\ud835\udc1a\ud835\udc27\ud835\udc1c\ud835\udc1e.<\/p>\n<p>Pour une occasion particuli\u00e8re ou pour un look soign\u00e9, les boutons de manchette pour homme sont des accessoires qui permettront de cr\u00e9er une tenue chic et \u00e9l\u00e9gante.<\/p>\n","protected":false},"featured_media":841,"comment_status":"open","ping_status":"closed","template":"","meta":[],"product_brand":[],"product_cat":[41,52],"product_tag":[],"class_list":{"0":"post-840","1":"product","2":"type-product","3":"status-publish","4":"has-post-thumbnail","6":"product_cat-accessoires","7":"product_cat-boutons-de-manchette","9":"first","10":"instock","11":"shipping-taxable","12":"purchasable","13":"product-type-simple"},"_links":{"self":[{"href":"https:\/\/terangagoods.com\/index.php\/wp-json\/wp\/v2\/product\/840","targetHints":{"allow":["GET"]}}],"collection":[{"href":"https:\/\/terangagoods.com\/index.php\/wp-json\/wp\/v2\/product"}],"about":[{"href":"https:\/\/terangagoods.com\/index.php\/wp-json\/wp\/v2\/types\/product"}],"replies":[{"embeddable":true,"href":"https:\/\/terangagoods.com\/index.php\/wp-json\/wp\/v2\/comments?post=840"}],"wp:featuredmedia":[{"embeddable":true,"href":"https:\/\/terangagoods.com\/index.php\/wp-json\/wp\/v2\/media\/841"}],"wp:attachment":[{"href":"https:\/\/terangagoods.com\/index.php\/wp-json\/wp\/v2\/media?parent=840"}],"wp:term":[{"taxonomy":"product_brand","embeddable":true,"href":"https:\/\/terangagoods.com\/index.php\/wp-json\/wp\/v2\/product_brand?post=840"},{"taxonomy":"product_cat","embeddable":true,"href":"https:\/\/terangagoods.com\/index.php\/wp-json\/wp\/v2\/product_cat?post=840"},{"taxonomy":"product_tag","embeddable":true,"href":"https:\/\/terangagoods.com\/index.php\/wp-json\/wp\/v2\/product_tag?post=840"}],"curies":[{"name":"wp","href":"https:\/\/api.w.org\/{rel}","templated":true}]}}