{"id":684,"date":"2024-07-26T14:22:44","date_gmt":"2024-07-26T14:22:44","guid":{"rendered":"https:\/\/terangagoods.com\/?post_type=product&#038;p=684"},"modified":"2026-04-15T14:41:36","modified_gmt":"2026-04-15T14:41:36","slug":"montre-femme-collection-jant-bi-coffret-afia","status":"publish","type":"product","link":"https:\/\/terangagoods.com\/index.php\/product\/montre-femme-collection-jant-bi-coffret-afia\/","title":{"rendered":"Montre Femme Collection Jant bi \u2013 Coffret Afia"},"content":{"rendered":"<p class=\"p1\">Chaque montre de cette collection est con\u00e7ue pour faire ressortir la brillance et la sophistication de celle qui la porte.<\/p>\n<p class=\"p1\"><strong>Mati\u00e8re du Bracelet en chaine :<\/strong> Acier Inoxydable<\/p>\n<p><strong>Mati\u00e8re du bracelet en cuir :<\/strong> Cuir V\u00e9ritable<\/p>\n<p class=\"p1\"><strong>Couleur du Cadran : <\/strong>Argent<\/p>\n<p class=\"p1\"><strong>Fond :<\/strong> Bleu ciel<\/p>\n<p class=\"p1\"><strong>Taille de bo\u00eetier<\/strong> : 28mm<\/p>\n<p class=\"p1\"><strong>Mati\u00e8re du bo\u00eetier :<\/strong> Acier Inoxydable<\/p>\n<p class=\"p1\"><strong>Verre :<\/strong> Min\u00e9ral<\/p>\n<p class=\"p1\"><strong>R\u00e9sistance \u00e0 l\u2019eau :<\/strong> 3 ATM<\/p>\n<p class=\"p1\"><strong>Bracelet Interchangeable :<\/strong> Oui<\/p>\n","protected":false},"excerpt":{"rendered":"<p>Afia capture la tranquillit\u00e9 et la fra\u00eecheur du ciel dans un design \u00e9l\u00e9gant, avec un bo\u00eetier argent\u00e9 qui sublime cette ambiance apaisante.<\/p>\n","protected":false},"featured_media":903,"comment_status":"open","ping_status":"closed","template":"","meta":[],"product_brand":[],"product_cat":[34,35],"product_tag":[39,40,25],"class_list":{"0":"post-684","1":"product","2":"type-product","3":"status-publish","4":"has-post-thumbnail","6":"product_cat-montres","7":"product_cat-montres-femme","8":"product_tag-montres","9":"product_tag-montres-femmes","10":"product_tag-sagnse","12":"first","13":"instock","14":"shipping-taxable","15":"purchasable","16":"product-type-simple"},"_links":{"self":[{"href":"https:\/\/terangagoods.com\/index.php\/wp-json\/wp\/v2\/product\/684","targetHints":{"allow":["GET"]}}],"collection":[{"href":"https:\/\/terangagoods.com\/index.php\/wp-json\/wp\/v2\/product"}],"about":[{"href":"https:\/\/terangagoods.com\/index.php\/wp-json\/wp\/v2\/types\/product"}],"replies":[{"embeddable":true,"href":"https:\/\/terangagoods.com\/index.php\/wp-json\/wp\/v2\/comments?post=684"}],"wp:featuredmedia":[{"embeddable":true,"href":"https:\/\/terangagoods.com\/index.php\/wp-json\/wp\/v2\/media\/903"}],"wp:attachment":[{"href":"https:\/\/terangagoods.com\/index.php\/wp-json\/wp\/v2\/media?parent=684"}],"wp:term":[{"taxonomy":"product_brand","embeddable":true,"href":"https:\/\/terangagoods.com\/index.php\/wp-json\/wp\/v2\/product_brand?post=684"},{"taxonomy":"product_cat","embeddable":true,"href":"https:\/\/terangagoods.com\/index.php\/wp-json\/wp\/v2\/product_cat?post=684"},{"taxonomy":"product_tag","embeddable":true,"href":"https:\/\/terangagoods.com\/index.php\/wp-json\/wp\/v2\/product_tag?post=684"}],"curies":[{"name":"wp","href":"https:\/\/api.w.org\/{rel}","templated":true}]}}