{"id":584,"date":"2024-07-20T12:22:02","date_gmt":"2024-07-20T12:22:02","guid":{"rendered":"https:\/\/terangagoods.com\/?post_type=product&#038;p=584"},"modified":"2026-03-27T15:12:32","modified_gmt":"2026-03-27T15:12:32","slug":"montre-homme-collection-garmi-jabari","status":"publish","type":"product","link":"https:\/\/terangagoods.com\/index.php\/product\/montre-homme-collection-garmi-jabari\/","title":{"rendered":"Montre Homme Collection Garmi \u2013 Jabari"},"content":{"rendered":"<p class=\"p1\">La collection Garmi incarne l&rsquo;essence m\u00eame de la sophistication s\u00e9n\u00e9galaise. Inspir\u00e9e par les valeurs de bravoure, de puissance et d&rsquo;\u00e9l\u00e9gance, chaque montre de cette collection est une \u0153uvre d&rsquo;art unique qui refl\u00e8te l&rsquo;h\u00e9ritage riche et vibrant du S\u00e9n\u00e9gal.<\/p>\n<p class=\"p1\"><strong>Mati\u00e8re du Bracelet : <\/strong>Cuir Lisse<\/p>\n<p class=\"p1\"><strong>Couleur du Cadran : <\/strong>Rose Gold<\/p>\n<p class=\"p1\"><strong>Couleur des aiguilles :<\/strong> Rose Gold<\/p>\n<p><strong>Fond du cadran :<\/strong> Bleu<\/p>\n<p class=\"p1\"><strong>Taille de bo\u00eetier<\/strong> : 42mm<\/p>\n<p class=\"p1\"><strong>Mati\u00e8re du bo\u00eetier :<\/strong> Acier Inoxydable<\/p>\n<p class=\"p1\"><strong>Verre :<\/strong> Min\u00e9ral<\/p>\n<p class=\"p1\"><strong>R\u00e9sistance \u00e0 l\u2019eau :<\/strong> 3 ATM<\/p>\n<p class=\"p1\"><strong>Bracelet Interchangeable :<\/strong> Oui<\/p>\n","protected":false},"excerpt":{"rendered":"<p>Le mod\u00e8le Jabari, signifiant \u00ab\u00a0brave\u00a0\u00bb en swahili, c\u00e9l\u00e8bre la noblesse et la classe.<\/p>\n<p>Avec son bracelet lisse marron camel et son cadran en aluminium au contour rose gold, cette montre est l&rsquo;incarnation de l&rsquo;\u00e9l\u00e9gance subtile.<\/p>\n<p><strong>Jabari est plus qu&rsquo;une montre, c&rsquo;est une d\u00e9claration de style et de bravoure.<\/strong><\/p>\n","protected":false},"featured_media":904,"comment_status":"open","ping_status":"closed","template":"","meta":[],"product_brand":[],"product_cat":[34,47],"product_tag":[23,39,25],"class_list":{"0":"post-584","1":"product","2":"type-product","3":"status-publish","4":"has-post-thumbnail","6":"product_cat-montres","7":"product_cat-montres-homme","8":"product_tag-leather-goods","9":"product_tag-montres","10":"product_tag-sagnse","12":"first","13":"instock","14":"shipping-taxable","15":"purchasable","16":"product-type-simple"},"_links":{"self":[{"href":"https:\/\/terangagoods.com\/index.php\/wp-json\/wp\/v2\/product\/584","targetHints":{"allow":["GET"]}}],"collection":[{"href":"https:\/\/terangagoods.com\/index.php\/wp-json\/wp\/v2\/product"}],"about":[{"href":"https:\/\/terangagoods.com\/index.php\/wp-json\/wp\/v2\/types\/product"}],"replies":[{"embeddable":true,"href":"https:\/\/terangagoods.com\/index.php\/wp-json\/wp\/v2\/comments?post=584"}],"wp:featuredmedia":[{"embeddable":true,"href":"https:\/\/terangagoods.com\/index.php\/wp-json\/wp\/v2\/media\/904"}],"wp:attachment":[{"href":"https:\/\/terangagoods.com\/index.php\/wp-json\/wp\/v2\/media?parent=584"}],"wp:term":[{"taxonomy":"product_brand","embeddable":true,"href":"https:\/\/terangagoods.com\/index.php\/wp-json\/wp\/v2\/product_brand?post=584"},{"taxonomy":"product_cat","embeddable":true,"href":"https:\/\/terangagoods.com\/index.php\/wp-json\/wp\/v2\/product_cat?post=584"},{"taxonomy":"product_tag","embeddable":true,"href":"https:\/\/terangagoods.com\/index.php\/wp-json\/wp\/v2\/product_tag?post=584"}],"curies":[{"name":"wp","href":"https:\/\/api.w.org\/{rel}","templated":true}]}}