{"id":517,"date":"2024-06-26T18:19:11","date_gmt":"2024-06-26T18:19:11","guid":{"rendered":"https:\/\/terangagoods.com\/?post_type=product&#038;p=517"},"modified":"2026-01-22T20:41:29","modified_gmt":"2026-01-22T20:41:29","slug":"chaussure-padam-noir-thiar-thiar-dore","status":"publish","type":"product","link":"https:\/\/terangagoods.com\/index.php\/product\/chaussure-padam-noir-thiar-thiar-dore\/","title":{"rendered":"Chaussure Padam Orthop\u00e9dique Noir Disque Dor\u00e9"},"content":{"rendered":"<p>Nos chaussures #padam en cuir sont le r\u00e9sultat d\u2019une collaboration artisanale et contemporaine, fa\u00e7onn\u00e9es avec d\u00e9vouement et passion.<\/p>\n<p>Choisissez nos chaussures #padam pour une exp\u00e9rience de marche in\u00e9gal\u00e9e, o\u00f9 le luxe, le style et le confort se rencontrent harmonieusement.<\/p>\n","protected":false},"excerpt":{"rendered":"<p>Cette superbe paire de Padam est disponible en plusieurs pointures.<\/p>\n","protected":false},"featured_media":1594,"comment_status":"open","ping_status":"closed","template":"","meta":[],"product_brand":[],"product_cat":[29,30],"product_tag":[23,24,45,46,25,26],"class_list":{"0":"post-517","1":"product","2":"type-product","3":"status-publish","4":"has-post-thumbnail","6":"product_cat-chaussures","7":"product_cat-padam","8":"product_tag-leather-goods","9":"product_tag-made-in-senegal","10":"product_tag-padam","11":"product_tag-padamterangaleather","12":"product_tag-sagnse","13":"product_tag-sagnsesenegal","15":"first","16":"instock","17":"shipping-taxable","18":"purchasable","19":"product-type-variable"},"_links":{"self":[{"href":"https:\/\/terangagoods.com\/index.php\/wp-json\/wp\/v2\/product\/517","targetHints":{"allow":["GET"]}}],"collection":[{"href":"https:\/\/terangagoods.com\/index.php\/wp-json\/wp\/v2\/product"}],"about":[{"href":"https:\/\/terangagoods.com\/index.php\/wp-json\/wp\/v2\/types\/product"}],"replies":[{"embeddable":true,"href":"https:\/\/terangagoods.com\/index.php\/wp-json\/wp\/v2\/comments?post=517"}],"wp:featuredmedia":[{"embeddable":true,"href":"https:\/\/terangagoods.com\/index.php\/wp-json\/wp\/v2\/media\/1594"}],"wp:attachment":[{"href":"https:\/\/terangagoods.com\/index.php\/wp-json\/wp\/v2\/media?parent=517"}],"wp:term":[{"taxonomy":"product_brand","embeddable":true,"href":"https:\/\/terangagoods.com\/index.php\/wp-json\/wp\/v2\/product_brand?post=517"},{"taxonomy":"product_cat","embeddable":true,"href":"https:\/\/terangagoods.com\/index.php\/wp-json\/wp\/v2\/product_cat?post=517"},{"taxonomy":"product_tag","embeddable":true,"href":"https:\/\/terangagoods.com\/index.php\/wp-json\/wp\/v2\/product_tag?post=517"}],"curies":[{"name":"wp","href":"https:\/\/api.w.org\/{rel}","templated":true}]}}