{"id":357,"date":"2024-05-02T21:19:04","date_gmt":"2024-05-02T21:19:04","guid":{"rendered":"https:\/\/terangaleather.com\/?post_type=product&#038;p=357"},"modified":"2026-02-11T20:09:46","modified_gmt":"2026-02-11T20:09:46","slug":"chaussure-padam-edition-limitee-rose","status":"publish","type":"product","link":"https:\/\/terangagoods.com\/index.php\/product\/chaussure-padam-edition-limitee-rose\/","title":{"rendered":"Chaussure Padam Orthop\u00e9dique Edition Limit\u00e9e Rose"},"content":{"rendered":"<p>Plongez dans l\u2019ultime fusion d\u2019\u00e9l\u00e9gance et de confort avec notre chaussure\u00a0<a class=\"x1i10hfl xjbqb8w x1ejq31n xd10rxx x1sy0etr x17r0tee x972fbf xcfux6l x1qhh985 xm0m39n x9f619 x1ypdohk xt0psk2 xe8uvvx xdj266r x11i5rnm xat24cr x1mh8g0r xexx8yu x4uap5 x18d9i69 xkhd6sd x16tdsg8 x1hl2dhg xggy1nq x1a2a7pz _aa9_ _a6hd\" tabindex=\"0\" role=\"link\" href=\"https:\/\/www.instagram.com\/explore\/tags\/padam\/\">#padam<\/a> \u00e9dition limit\u00e9e.<\/p>\n<p>Chaque cuir de ces \u00e9ditions limit\u00e9es provient d\u2019une source restreinte pour vous garantir une exp\u00e9rience authentique et singuli\u00e8re.<\/p>\n","protected":false},"excerpt":{"rendered":"<p>Le cuir que nous utilisons g\u00e9n\u00e9ralement pour ces \u00e9ditions limit\u00e9es proviennent d&rsquo;une source limit\u00e9e, ce qui rend chaque paire v\u00e9ritablement unique.<\/p>\n","protected":false},"featured_media":1980,"comment_status":"open","ping_status":"closed","template":"","meta":[],"product_brand":[],"product_cat":[29,30],"product_tag":[23,24,45,46],"class_list":{"0":"post-357","1":"product","2":"type-product","3":"status-publish","4":"has-post-thumbnail","6":"product_cat-chaussures","7":"product_cat-padam","8":"product_tag-leather-goods","9":"product_tag-made-in-senegal","10":"product_tag-padam","11":"product_tag-padamterangaleather","13":"first","14":"outofstock","15":"shipping-taxable","16":"product-type-variable"},"_links":{"self":[{"href":"https:\/\/terangagoods.com\/index.php\/wp-json\/wp\/v2\/product\/357","targetHints":{"allow":["GET"]}}],"collection":[{"href":"https:\/\/terangagoods.com\/index.php\/wp-json\/wp\/v2\/product"}],"about":[{"href":"https:\/\/terangagoods.com\/index.php\/wp-json\/wp\/v2\/types\/product"}],"replies":[{"embeddable":true,"href":"https:\/\/terangagoods.com\/index.php\/wp-json\/wp\/v2\/comments?post=357"}],"wp:featuredmedia":[{"embeddable":true,"href":"https:\/\/terangagoods.com\/index.php\/wp-json\/wp\/v2\/media\/1980"}],"wp:attachment":[{"href":"https:\/\/terangagoods.com\/index.php\/wp-json\/wp\/v2\/media?parent=357"}],"wp:term":[{"taxonomy":"product_brand","embeddable":true,"href":"https:\/\/terangagoods.com\/index.php\/wp-json\/wp\/v2\/product_brand?post=357"},{"taxonomy":"product_cat","embeddable":true,"href":"https:\/\/terangagoods.com\/index.php\/wp-json\/wp\/v2\/product_cat?post=357"},{"taxonomy":"product_tag","embeddable":true,"href":"https:\/\/terangagoods.com\/index.php\/wp-json\/wp\/v2\/product_tag?post=357"}],"curies":[{"name":"wp","href":"https:\/\/api.w.org\/{rel}","templated":true}]}}