{"id":2324,"date":"2026-02-27T13:29:14","date_gmt":"2026-02-27T13:29:14","guid":{"rendered":"https:\/\/terangagoods.com\/?post_type=product&#038;p=2324"},"modified":"2026-03-11T23:05:28","modified_gmt":"2026-03-11T23:05:28","slug":"ensemble-collier-et-boucles-doreilles-rose-gold-dore-rose","status":"publish","type":"product","link":"https:\/\/terangagoods.com\/index.php\/product\/ensemble-collier-et-boucles-doreilles-rose-gold-dore-rose\/","title":{"rendered":"Ensemble Collier et boucles d&rsquo;oreilles Rose Gold (Dor\u00e9 Rose)"},"content":{"rendered":"<p>Comprend des chiffres romains, un double cercle et du zircon cubique, cet ensemble de bijoux pour femmes a des chiffres romains pour repr\u00e9senter l\u2019amour \u00e9ternel et \u00e9ternel.<\/p>\n<p><strong>Mati\u00e8re du Bracelet :<\/strong> Acier Inoxydable<\/p>\n<p><strong>Finition :<\/strong> Plaqu\u00e9e or dor\u00e9 rose.<\/p>\n<p><strong>Diam\u00e8tre des tr\u00e8fles :<\/strong> Environ 15mm <\/p>\n<p><strong>Longueur:<\/strong> 16cm + extension 4cm<\/p>\n","protected":false},"excerpt":{"rendered":"<p>Cet ensemble de bijoux polyvalent, \u00e0 la fois \u00e9l\u00e9gant et brillant, est id\u00e9al pour sublimer n&rsquo;importe quelle tenue.<\/p>\n","protected":false},"featured_media":2326,"comment_status":"open","ping_status":"closed","template":"","meta":[],"product_brand":[],"product_cat":[41,53,75],"product_tag":[],"class_list":{"0":"post-2324","1":"product","2":"type-product","3":"status-publish","4":"has-post-thumbnail","6":"product_cat-accessoires","7":"product_cat-boucles-doreilles","8":"product_cat-chaine","10":"first","11":"instock","12":"shipping-taxable","13":"purchasable","14":"product-type-simple"},"_links":{"self":[{"href":"https:\/\/terangagoods.com\/index.php\/wp-json\/wp\/v2\/product\/2324","targetHints":{"allow":["GET"]}}],"collection":[{"href":"https:\/\/terangagoods.com\/index.php\/wp-json\/wp\/v2\/product"}],"about":[{"href":"https:\/\/terangagoods.com\/index.php\/wp-json\/wp\/v2\/types\/product"}],"replies":[{"embeddable":true,"href":"https:\/\/terangagoods.com\/index.php\/wp-json\/wp\/v2\/comments?post=2324"}],"wp:featuredmedia":[{"embeddable":true,"href":"https:\/\/terangagoods.com\/index.php\/wp-json\/wp\/v2\/media\/2326"}],"wp:attachment":[{"href":"https:\/\/terangagoods.com\/index.php\/wp-json\/wp\/v2\/media?parent=2324"}],"wp:term":[{"taxonomy":"product_brand","embeddable":true,"href":"https:\/\/terangagoods.com\/index.php\/wp-json\/wp\/v2\/product_brand?post=2324"},{"taxonomy":"product_cat","embeddable":true,"href":"https:\/\/terangagoods.com\/index.php\/wp-json\/wp\/v2\/product_cat?post=2324"},{"taxonomy":"product_tag","embeddable":true,"href":"https:\/\/terangagoods.com\/index.php\/wp-json\/wp\/v2\/product_tag?post=2324"}],"curies":[{"name":"wp","href":"https:\/\/api.w.org\/{rel}","templated":true}]}}