{"id":2280,"date":"2026-02-10T21:18:39","date_gmt":"2026-02-10T21:18:39","guid":{"rendered":"https:\/\/terangagoods.com\/?post_type=product&#038;p=2280"},"modified":"2026-04-15T14:41:36","modified_gmt":"2026-04-15T14:41:36","slug":"montre-femme-collection-nature-mangrove","status":"publish","type":"product","link":"https:\/\/terangagoods.com\/index.php\/product\/montre-femme-collection-nature-mangrove\/","title":{"rendered":"Montre Femme Collection Nature \u2013 Mangrove"},"content":{"rendered":"<p class=\"p1\">Avec Oasis, laissez-vous s\u00e9duire par la qui\u00e9tude d\u2019un \u00e9clat dor\u00e9 qui capte la lumi\u00e8re.<\/p>\n<p class=\"p1\"><strong>Mati\u00e8re du Bracelet :<\/strong> Acier Inoxydable<\/p>\n<p class=\"p1\"><strong>Couleur du Cadran :<\/strong> Gold<\/p>\n<p class=\"p1\"><strong>Fond :<\/strong> Vert<\/p>\n<p class=\"p1\"><strong>Taille de bo\u00eetier<\/strong> : 36mm<\/p>\n<p class=\"p1\"><strong>Mati\u00e8re du bo\u00eetier :<\/strong> Acier Inoxydable<\/p>\n<p class=\"p1\"><strong>Verre :<\/strong> Min\u00e9ral<\/p>\n<p class=\"p1\"><strong>R\u00e9sistance \u00e0 l\u2019eau :<\/strong> 3 ATM<\/p>\n<p class=\"p1\"><strong>Bracelet Interchangeable :<\/strong> Oui<\/p>\n","protected":false},"excerpt":{"rendered":"<p>La force tranquille de la nature vivante. <\/p>\n<p>Inspir\u00e9e des \u00e9cosyst\u00e8mes riches et r\u00e9silients, Mangrove rend hommage \u00e0 ces paysages o\u00f9 la terre et l\u2019eau s\u2019unissent en parfaite harmonie. <\/p>\n","protected":false},"featured_media":2281,"comment_status":"open","ping_status":"closed","template":"","meta":[],"product_brand":[],"product_cat":[34,35],"product_tag":[],"class_list":{"0":"post-2280","1":"product","2":"type-product","3":"status-publish","4":"has-post-thumbnail","6":"product_cat-montres","7":"product_cat-montres-femme","9":"first","10":"instock","11":"shipping-taxable","12":"purchasable","13":"product-type-simple"},"_links":{"self":[{"href":"https:\/\/terangagoods.com\/index.php\/wp-json\/wp\/v2\/product\/2280","targetHints":{"allow":["GET"]}}],"collection":[{"href":"https:\/\/terangagoods.com\/index.php\/wp-json\/wp\/v2\/product"}],"about":[{"href":"https:\/\/terangagoods.com\/index.php\/wp-json\/wp\/v2\/types\/product"}],"replies":[{"embeddable":true,"href":"https:\/\/terangagoods.com\/index.php\/wp-json\/wp\/v2\/comments?post=2280"}],"wp:featuredmedia":[{"embeddable":true,"href":"https:\/\/terangagoods.com\/index.php\/wp-json\/wp\/v2\/media\/2281"}],"wp:attachment":[{"href":"https:\/\/terangagoods.com\/index.php\/wp-json\/wp\/v2\/media?parent=2280"}],"wp:term":[{"taxonomy":"product_brand","embeddable":true,"href":"https:\/\/terangagoods.com\/index.php\/wp-json\/wp\/v2\/product_brand?post=2280"},{"taxonomy":"product_cat","embeddable":true,"href":"https:\/\/terangagoods.com\/index.php\/wp-json\/wp\/v2\/product_cat?post=2280"},{"taxonomy":"product_tag","embeddable":true,"href":"https:\/\/terangagoods.com\/index.php\/wp-json\/wp\/v2\/product_tag?post=2280"}],"curies":[{"name":"wp","href":"https:\/\/api.w.org\/{rel}","templated":true}]}}