{"id":2268,"date":"2026-02-10T23:09:16","date_gmt":"2026-02-10T23:09:16","guid":{"rendered":"https:\/\/terangagoods.com\/?post_type=product&#038;p=2268"},"modified":"2026-05-04T12:17:31","modified_gmt":"2026-05-04T12:17:31","slug":"montre-collection-senegal-patriote-femme","status":"publish","type":"product","link":"https:\/\/terangagoods.com\/index.php\/product\/montre-collection-senegal-patriote-femme\/","title":{"rendered":"Montre Collection S\u00e9n\u00e9gal \u2013 Patriote Femme"},"content":{"rendered":"<p class=\"p1\">Un choix parfait pour ceux qui souhaitent marquer leurs sentiments avec force et sophistication.<\/p>\n<p class=\"p1\"><strong>Mati\u00e8re du Bracelet : <\/strong>Cuir ou Acier Inoxydable selon le mod\u00e8le<\/p>\n<p class=\"p1\"><strong>Couleur du Cadran : <\/strong>Dor\u00e9<\/p>\n<p class=\"p1\"><strong>Fond du Cadran :<\/strong> Blanc avec design en Vert, Jaune et Rouge<\/p>\n<p class=\"p1\"><strong>Couleur des aiguilles :<\/strong> Dor\u00e9<\/p>\n<p class=\"p1\"><strong>Taille de bo\u00eetier<\/strong> : 36mm<\/p>\n<p class=\"p1\"><strong>Mati\u00e8re du bo\u00eetier :<\/strong> Acier Inoxydable<\/p>\n<p class=\"p1\"><strong>Verre :<\/strong> Min\u00e9ral<\/p>\n<p class=\"p1\"><strong>R\u00e9sistance \u00e0 l\u2019eau :<\/strong> 3 ATM<\/p>\n<p class=\"p1\"><strong>Bracelet Interchangeable :<\/strong> Oui<\/p>\n","protected":false},"excerpt":{"rendered":"<p>Un choix parfait pour ceux qui souhaitent marquer leurs sentiments avec force et sophistication. Mati\u00e8re du Bracelet : Cuir ou Acier Inoxydable selon le mod\u00e8le Couleur du Cadran : Dor\u00e9 Fond du Cadran : Blanc avec design en Vert, Jaune et Rouge Couleur des aiguilles : Dor\u00e9 Taille de bo\u00eetier : 36mm Mati\u00e8re du bo\u00eetier &hellip;<\/p>\n","protected":false},"featured_media":2288,"comment_status":"open","ping_status":"closed","template":"","meta":[],"product_brand":[],"product_cat":[34,35],"product_tag":[],"class_list":{"0":"post-2268","1":"product","2":"type-product","3":"status-publish","4":"has-post-thumbnail","6":"product_cat-montres","7":"product_cat-montres-femme","9":"first","10":"instock","11":"shipping-taxable","12":"purchasable","13":"product-type-variable"},"_links":{"self":[{"href":"https:\/\/terangagoods.com\/index.php\/wp-json\/wp\/v2\/product\/2268","targetHints":{"allow":["GET"]}}],"collection":[{"href":"https:\/\/terangagoods.com\/index.php\/wp-json\/wp\/v2\/product"}],"about":[{"href":"https:\/\/terangagoods.com\/index.php\/wp-json\/wp\/v2\/types\/product"}],"replies":[{"embeddable":true,"href":"https:\/\/terangagoods.com\/index.php\/wp-json\/wp\/v2\/comments?post=2268"}],"wp:featuredmedia":[{"embeddable":true,"href":"https:\/\/terangagoods.com\/index.php\/wp-json\/wp\/v2\/media\/2288"}],"wp:attachment":[{"href":"https:\/\/terangagoods.com\/index.php\/wp-json\/wp\/v2\/media?parent=2268"}],"wp:term":[{"taxonomy":"product_brand","embeddable":true,"href":"https:\/\/terangagoods.com\/index.php\/wp-json\/wp\/v2\/product_brand?post=2268"},{"taxonomy":"product_cat","embeddable":true,"href":"https:\/\/terangagoods.com\/index.php\/wp-json\/wp\/v2\/product_cat?post=2268"},{"taxonomy":"product_tag","embeddable":true,"href":"https:\/\/terangagoods.com\/index.php\/wp-json\/wp\/v2\/product_tag?post=2268"}],"curies":[{"name":"wp","href":"https:\/\/api.w.org\/{rel}","templated":true}]}}