{"id":2248,"date":"2026-02-05T11:52:18","date_gmt":"2026-02-05T11:52:18","guid":{"rendered":"https:\/\/terangagoods.com\/?post_type=product&#038;p=2248"},"modified":"2026-04-06T00:06:59","modified_gmt":"2026-04-06T00:06:59","slug":"montre-homme-collection-ndaanaan-ismael","status":"publish","type":"product","link":"https:\/\/terangagoods.com\/index.php\/product\/montre-homme-collection-ndaanaan-ismael\/","title":{"rendered":"Montre Homme Collection Ndaanaan \u2013 Ismael"},"content":{"rendered":"<p>Avec son bo\u00eetier rond de 40mm, elle allie robustesse et l\u00e9g\u00e8ret\u00e9, tandis que le bracelet en cuir v\u00e9ritable ajoute une touche de sobri\u00e9t\u00e9.<\/p>\n<p>Mati\u00e8re du Bracelet : Cuir<\/p>\n<p>Couleur du Cadran : Argent<\/p>\n<p>Couleur des aiguilles : Argent\u00e9<\/p>\n<p>Taille de bo\u00eetier : 40mm<\/p>\n<p>Mati\u00e8re du bo\u00eetier : Acier Inoxydable<\/p>\n<p>Verre : Min\u00e9ral<\/p>\n<p>R\u00e9sistance \u00e0 l\u2019eau : 3 ATM<\/p>\n<p>Bracelet Interchangeable : Oui<\/p>\n","protected":false},"excerpt":{"rendered":"<p>Avec son bo\u00eetier rond de 40mm, elle allie robustesse et l\u00e9g\u00e8ret\u00e9, tandis que le bracelet en cuir v\u00e9ritable ajoute une touche de sobri\u00e9t\u00e9. Mati\u00e8re du Bracelet : Cuir Couleur du Cadran : Argent Couleur des aiguilles : Argent\u00e9 Taille de bo\u00eetier : 40mm Mati\u00e8re du bo\u00eetier : Acier Inoxydable Verre : Min\u00e9ral R\u00e9sistance \u00e0 l\u2019eau &hellip;<\/p>\n","protected":false},"featured_media":2284,"comment_status":"open","ping_status":"closed","template":"","meta":[],"product_brand":[],"product_cat":[34,47],"product_tag":[],"class_list":{"0":"post-2248","1":"product","2":"type-product","3":"status-publish","4":"has-post-thumbnail","6":"product_cat-montres","7":"product_cat-montres-homme","9":"first","10":"instock","11":"shipping-taxable","12":"purchasable","13":"product-type-simple"},"_links":{"self":[{"href":"https:\/\/terangagoods.com\/index.php\/wp-json\/wp\/v2\/product\/2248","targetHints":{"allow":["GET"]}}],"collection":[{"href":"https:\/\/terangagoods.com\/index.php\/wp-json\/wp\/v2\/product"}],"about":[{"href":"https:\/\/terangagoods.com\/index.php\/wp-json\/wp\/v2\/types\/product"}],"replies":[{"embeddable":true,"href":"https:\/\/terangagoods.com\/index.php\/wp-json\/wp\/v2\/comments?post=2248"}],"wp:featuredmedia":[{"embeddable":true,"href":"https:\/\/terangagoods.com\/index.php\/wp-json\/wp\/v2\/media\/2284"}],"wp:attachment":[{"href":"https:\/\/terangagoods.com\/index.php\/wp-json\/wp\/v2\/media?parent=2248"}],"wp:term":[{"taxonomy":"product_brand","embeddable":true,"href":"https:\/\/terangagoods.com\/index.php\/wp-json\/wp\/v2\/product_brand?post=2248"},{"taxonomy":"product_cat","embeddable":true,"href":"https:\/\/terangagoods.com\/index.php\/wp-json\/wp\/v2\/product_cat?post=2248"},{"taxonomy":"product_tag","embeddable":true,"href":"https:\/\/terangagoods.com\/index.php\/wp-json\/wp\/v2\/product_tag?post=2248"}],"curies":[{"name":"wp","href":"https:\/\/api.w.org\/{rel}","templated":true}]}}