{"id":2012,"date":"2025-10-08T12:28:00","date_gmt":"2025-10-08T12:28:00","guid":{"rendered":"https:\/\/terangagoods.com\/?post_type=product&#038;p=2012"},"modified":"2026-02-14T20:04:58","modified_gmt":"2026-02-14T20:04:58","slug":"montre-femme-collection-nature-oasis","status":"publish","type":"product","link":"https:\/\/terangagoods.com\/index.php\/product\/montre-femme-collection-nature-oasis\/","title":{"rendered":"Montre Femme Collection Nature \u2013 Oasis"},"content":{"rendered":"<p class=\"p1\">Avec Oasis, laissez-vous s\u00e9duire par la qui\u00e9tude d\u2019un \u00e9clat dor\u00e9 qui capte la lumi\u00e8re.<\/p>\n<p class=\"p1\"><strong>Mati\u00e8re du Bracelet :<\/strong> Acier Inoxydable<\/p>\n<p class=\"p1\"><strong>Couleur du Cadran :<\/strong> Gold<\/p>\n<p class=\"p1\"><strong>Fond :<\/strong> Blanc<\/p>\n<p class=\"p1\"><strong>Taille de bo\u00eetier<\/strong> : 36mm<\/p>\n<p class=\"p1\"><strong>Mati\u00e8re du bo\u00eetier :<\/strong> Acier Inoxydable<\/p>\n<p class=\"p1\"><strong>Verre :<\/strong> Min\u00e9ral<\/p>\n<p class=\"p1\"><strong>R\u00e9sistance \u00e0 l\u2019eau :<\/strong> 3 ATM<\/p>\n<p class=\"p1\"><strong>Bracelet Interchangeable :<\/strong> Oui<\/p>\n","protected":false},"excerpt":{"rendered":"<p>Avec Oasis, laissez-vous s\u00e9duire par la qui\u00e9tude d\u2019un \u00e9clat dor\u00e9 qui capte la lumi\u00e8re.<\/p>\n<p>Son fond blanc \u00e9pur\u00e9, entour\u00e9 d\u2019un bo\u00eetier dor\u00e9 et d\u2019un bracelet maille assorti, \u00e9voque la fra\u00eecheur et la s\u00e9r\u00e9nit\u00e9 d\u2019un refuge en plein d\u00e9sert.<\/p>\n","protected":false},"featured_media":2016,"comment_status":"open","ping_status":"closed","template":"","meta":[],"product_brand":[],"product_cat":[34,35],"product_tag":[],"class_list":{"0":"post-2012","1":"product","2":"type-product","3":"status-publish","4":"has-post-thumbnail","6":"product_cat-montres","7":"product_cat-montres-femme","9":"first","10":"instock","11":"shipping-taxable","12":"purchasable","13":"product-type-simple"},"_links":{"self":[{"href":"https:\/\/terangagoods.com\/index.php\/wp-json\/wp\/v2\/product\/2012","targetHints":{"allow":["GET"]}}],"collection":[{"href":"https:\/\/terangagoods.com\/index.php\/wp-json\/wp\/v2\/product"}],"about":[{"href":"https:\/\/terangagoods.com\/index.php\/wp-json\/wp\/v2\/types\/product"}],"replies":[{"embeddable":true,"href":"https:\/\/terangagoods.com\/index.php\/wp-json\/wp\/v2\/comments?post=2012"}],"wp:featuredmedia":[{"embeddable":true,"href":"https:\/\/terangagoods.com\/index.php\/wp-json\/wp\/v2\/media\/2016"}],"wp:attachment":[{"href":"https:\/\/terangagoods.com\/index.php\/wp-json\/wp\/v2\/media?parent=2012"}],"wp:term":[{"taxonomy":"product_brand","embeddable":true,"href":"https:\/\/terangagoods.com\/index.php\/wp-json\/wp\/v2\/product_brand?post=2012"},{"taxonomy":"product_cat","embeddable":true,"href":"https:\/\/terangagoods.com\/index.php\/wp-json\/wp\/v2\/product_cat?post=2012"},{"taxonomy":"product_tag","embeddable":true,"href":"https:\/\/terangagoods.com\/index.php\/wp-json\/wp\/v2\/product_tag?post=2012"}],"curies":[{"name":"wp","href":"https:\/\/api.w.org\/{rel}","templated":true}]}}