{"id":2011,"date":"2025-10-08T12:28:14","date_gmt":"2025-10-08T12:28:14","guid":{"rendered":"https:\/\/terangagoods.com\/?post_type=product&#038;p=2011"},"modified":"2026-01-16T00:14:33","modified_gmt":"2026-01-16T00:14:33","slug":"montre-femme-collection-nature-eden","status":"publish","type":"product","link":"https:\/\/terangagoods.com\/index.php\/product\/montre-femme-collection-nature-eden\/","title":{"rendered":"Montre Femme Collection Nature \u2013 Eden"},"content":{"rendered":"<p class=\"p1\">Symbole d\u2019\u00e9l\u00e9gance naturelle, Eden capture la douceur et la puret\u00e9 des d\u00e9buts d\u2019un jour nouveau.<\/p>\n<p class=\"p1\"><strong>Mati\u00e8re du Bracelet :<\/strong> Cuir<\/p>\n<p class=\"p1\"><strong>Couleur du Cadran : <\/strong>Dor\u00e9<\/p>\n<p class=\"p1\"><strong>Fond :<\/strong> Bleu<\/p>\n<p class=\"p1\"><strong>Taille de bo\u00eetier<\/strong> : 36mm<\/p>\n<p class=\"p1\"><strong>Mati\u00e8re du bo\u00eetier :<\/strong> Acier Inoxydable<\/p>\n<p class=\"p1\"><strong>Verre :<\/strong> Min\u00e9ral<\/p>\n<p class=\"p1\"><strong>R\u00e9sistance \u00e0 l\u2019eau :<\/strong> 3 ATM<\/p>\n<p class=\"p1\"><strong>Bracelet Interchangeable :<\/strong> Oui<\/p>\n","protected":false},"excerpt":{"rendered":"<p>Symbole d\u2019\u00e9l\u00e9gance naturelle, Eden capture la douceur et la puret\u00e9 des d\u00e9buts d\u2019un jour nouveau.<\/p>\n<p>Son contour dor\u00e9 et son fond blanc lumineux, sublim\u00e9s par un bracelet en cuir marron, en font une montre intemporelle, parfaite pour celles qui appr\u00e9cient la simplicit\u00e9 raffin\u00e9e.<\/p>\n","protected":false},"featured_media":2015,"comment_status":"open","ping_status":"closed","template":"","meta":[],"product_brand":[],"product_cat":[34,35],"product_tag":[],"class_list":{"0":"post-2011","1":"product","2":"type-product","3":"status-publish","4":"has-post-thumbnail","6":"product_cat-montres","7":"product_cat-montres-femme","9":"first","10":"instock","11":"shipping-taxable","12":"purchasable","13":"product-type-simple"},"_links":{"self":[{"href":"https:\/\/terangagoods.com\/index.php\/wp-json\/wp\/v2\/product\/2011","targetHints":{"allow":["GET"]}}],"collection":[{"href":"https:\/\/terangagoods.com\/index.php\/wp-json\/wp\/v2\/product"}],"about":[{"href":"https:\/\/terangagoods.com\/index.php\/wp-json\/wp\/v2\/types\/product"}],"replies":[{"embeddable":true,"href":"https:\/\/terangagoods.com\/index.php\/wp-json\/wp\/v2\/comments?post=2011"}],"wp:featuredmedia":[{"embeddable":true,"href":"https:\/\/terangagoods.com\/index.php\/wp-json\/wp\/v2\/media\/2015"}],"wp:attachment":[{"href":"https:\/\/terangagoods.com\/index.php\/wp-json\/wp\/v2\/media?parent=2011"}],"wp:term":[{"taxonomy":"product_brand","embeddable":true,"href":"https:\/\/terangagoods.com\/index.php\/wp-json\/wp\/v2\/product_brand?post=2011"},{"taxonomy":"product_cat","embeddable":true,"href":"https:\/\/terangagoods.com\/index.php\/wp-json\/wp\/v2\/product_cat?post=2011"},{"taxonomy":"product_tag","embeddable":true,"href":"https:\/\/terangagoods.com\/index.php\/wp-json\/wp\/v2\/product_tag?post=2011"}],"curies":[{"name":"wp","href":"https:\/\/api.w.org\/{rel}","templated":true}]}}