{"id":1938,"date":"2025-08-23T19:27:51","date_gmt":"2025-08-23T19:27:51","guid":{"rendered":"https:\/\/terangagoods.com\/?post_type=product&#038;p=1938"},"modified":"2025-08-23T19:28:08","modified_gmt":"2025-08-23T19:28:08","slug":"sac-saly-edition-limitee","status":"publish","type":"product","link":"https:\/\/terangagoods.com\/index.php\/product\/sac-saly-edition-limitee\/","title":{"rendered":"Sac Saly \u00c9dition Limit\u00e9e Rouge"},"content":{"rendered":"<p class=\"p1\">Saly embrasse la f\u00e9minit\u00e9 avec audace, sans jamais en faire trop.<\/p>\n<p class=\"p1\">Il \u00e9voque une femme forte, raffin\u00e9e, ancr\u00e9e dans ses racines mais r\u00e9solument moderne.<\/p>\n<p>\ud835\udc03\ud835\udc22\ud835\udc26\ud835\udc1e\ud835\udc27\ud835\udc2c\ud835\udc22\ud835\udc28\ud835\udc27\ud835\udc2c :<br \/>\nLargeur : 30cm<br \/>\nHauteur : 25cm<br \/>\nProfondeur : 10cm<\/p>\n","protected":false},"excerpt":{"rendered":"<h5 class=\"p1\">Le sac Saly r\u00e9v\u00e8le une f\u00e9minit\u00e9 assum\u00e9e, sculpt\u00e9e dans l&rsquo;\u00e9quilibre parfait entre force et d\u00e9licatesse.<\/h5>\n<p class=\"p1\">Il incarne l&rsquo;esprit d&rsquo;une femme qui puise dans ses origines pour mieux conqu\u00e9rir l&rsquo;avenir \u2014 authentique sans nostalgie, moderne sans artifice.<\/p>\n","protected":false},"featured_media":1939,"comment_status":"open","ping_status":"closed","template":"","meta":[],"product_brand":[],"product_cat":[21],"product_tag":[],"class_list":{"0":"post-1938","1":"product","2":"type-product","3":"status-publish","4":"has-post-thumbnail","6":"product_cat-sac-a-main","8":"first","9":"instock","10":"shipping-taxable","11":"purchasable","12":"product-type-simple"},"_links":{"self":[{"href":"https:\/\/terangagoods.com\/index.php\/wp-json\/wp\/v2\/product\/1938","targetHints":{"allow":["GET"]}}],"collection":[{"href":"https:\/\/terangagoods.com\/index.php\/wp-json\/wp\/v2\/product"}],"about":[{"href":"https:\/\/terangagoods.com\/index.php\/wp-json\/wp\/v2\/types\/product"}],"replies":[{"embeddable":true,"href":"https:\/\/terangagoods.com\/index.php\/wp-json\/wp\/v2\/comments?post=1938"}],"wp:featuredmedia":[{"embeddable":true,"href":"https:\/\/terangagoods.com\/index.php\/wp-json\/wp\/v2\/media\/1939"}],"wp:attachment":[{"href":"https:\/\/terangagoods.com\/index.php\/wp-json\/wp\/v2\/media?parent=1938"}],"wp:term":[{"taxonomy":"product_brand","embeddable":true,"href":"https:\/\/terangagoods.com\/index.php\/wp-json\/wp\/v2\/product_brand?post=1938"},{"taxonomy":"product_cat","embeddable":true,"href":"https:\/\/terangagoods.com\/index.php\/wp-json\/wp\/v2\/product_cat?post=1938"},{"taxonomy":"product_tag","embeddable":true,"href":"https:\/\/terangagoods.com\/index.php\/wp-json\/wp\/v2\/product_tag?post=1938"}],"curies":[{"name":"wp","href":"https:\/\/api.w.org\/{rel}","templated":true}]}}