{"id":1793,"date":"2025-07-04T20:51:29","date_gmt":"2025-07-04T20:51:29","guid":{"rendered":"https:\/\/terangagoods.com\/?post_type=product&#038;p=1793"},"modified":"2026-05-05T23:54:13","modified_gmt":"2026-05-05T23:54:13","slug":"ensemble-collier-et-boucles-doreilles-dore-acier-inoxydable","status":"publish","type":"product","link":"https:\/\/terangagoods.com\/index.php\/product\/ensemble-collier-et-boucles-doreilles-dore-acier-inoxydable\/","title":{"rendered":"Ensemble Collier et boucles d&rsquo;oreilles Dor\u00e9 Baobab"},"content":{"rendered":"<p class=\"p1\">toutes les occasions, qu&rsquo;elles soient quotidiennes ou festives.<\/p>\n<p class=\"p1\"><strong>Mati\u00e8re du Bracelet :<\/strong> Acier Inoxydable<\/p>\n<p class=\"p1\"><strong>Finition :<\/strong> Plaqu\u00e9e or jaune 18 carats.<\/p>\n<p class=\"p1\"><strong>Diam\u00e8tre des tr\u00e8fles<\/strong> : Environ 15mm<\/p>\n<p><strong>Longueur:<\/strong> 16cm + extension 4cm<\/p>\n","protected":false},"excerpt":{"rendered":"<p>toutes les occasions, qu&rsquo;elles soient quotidiennes ou festives. Mati\u00e8re du Bracelet : Acier Inoxydable Finition : Plaqu\u00e9e or jaune 18 carats. Diam\u00e8tre des tr\u00e8fles : Environ 15mm Longueur: 16cm + extension 4cm<\/p>\n","protected":false},"featured_media":2320,"comment_status":"open","ping_status":"closed","template":"","meta":[],"product_brand":[],"product_cat":[41,53,75],"product_tag":[],"class_list":{"0":"post-1793","1":"product","2":"type-product","3":"status-publish","4":"has-post-thumbnail","6":"product_cat-accessoires","7":"product_cat-boucles-doreilles","8":"product_cat-chaine","10":"first","11":"instock","12":"shipping-taxable","13":"purchasable","14":"product-type-simple"},"_links":{"self":[{"href":"https:\/\/terangagoods.com\/index.php\/wp-json\/wp\/v2\/product\/1793","targetHints":{"allow":["GET"]}}],"collection":[{"href":"https:\/\/terangagoods.com\/index.php\/wp-json\/wp\/v2\/product"}],"about":[{"href":"https:\/\/terangagoods.com\/index.php\/wp-json\/wp\/v2\/types\/product"}],"replies":[{"embeddable":true,"href":"https:\/\/terangagoods.com\/index.php\/wp-json\/wp\/v2\/comments?post=1793"}],"wp:featuredmedia":[{"embeddable":true,"href":"https:\/\/terangagoods.com\/index.php\/wp-json\/wp\/v2\/media\/2320"}],"wp:attachment":[{"href":"https:\/\/terangagoods.com\/index.php\/wp-json\/wp\/v2\/media?parent=1793"}],"wp:term":[{"taxonomy":"product_brand","embeddable":true,"href":"https:\/\/terangagoods.com\/index.php\/wp-json\/wp\/v2\/product_brand?post=1793"},{"taxonomy":"product_cat","embeddable":true,"href":"https:\/\/terangagoods.com\/index.php\/wp-json\/wp\/v2\/product_cat?post=1793"},{"taxonomy":"product_tag","embeddable":true,"href":"https:\/\/terangagoods.com\/index.php\/wp-json\/wp\/v2\/product_tag?post=1793"}],"curies":[{"name":"wp","href":"https:\/\/api.w.org\/{rel}","templated":true}]}}