{"id":1721,"date":"2025-05-31T00:23:50","date_gmt":"2025-05-31T00:23:50","guid":{"rendered":"https:\/\/terangagoods.com\/?post_type=product&#038;p=1721"},"modified":"2026-04-30T13:54:53","modified_gmt":"2026-04-30T13:54:53","slug":"montre-femme-collection-kitoko-dieyna","status":"publish","type":"product","link":"https:\/\/terangagoods.com\/index.php\/product\/montre-femme-collection-kitoko-dieyna\/","title":{"rendered":"Montre Femme Collection Kitoko \u2013 Dieyna"},"content":{"rendered":"<p class=\"p1\">Une nouvelle collection qui perp\u00e9tue cette qu\u00eate de beaut\u00e9 et d\u2019\u00e9l\u00e9gance intemporelle, avec la m\u00eame gr\u00e2ce qui a fait le succ\u00e8s de notre bracelet Kitoko.`<\/p>\n<p class=\"p1\"><strong>Mati\u00e8re du Bracelet :<\/strong> Acier Inoxydable<\/p>\n<p class=\"p1\"><strong>Couleur du Cadran : <\/strong>Dor\u00e9<\/p>\n<p class=\"p1\"><strong>Fond :<\/strong> Blanc<\/p>\n<p class=\"p1\"><strong>Taille de bo\u00eetier<\/strong> : 23x37mm<\/p>\n<p><strong>Forme du bo\u00eetier :<\/strong> Carr\u00e9<\/p>\n<p class=\"p1\"><strong>Mati\u00e8re du bo\u00eetier :<\/strong> Acier Inoxydable<\/p>\n<p class=\"p1\"><strong>Verre :<\/strong> Min\u00e9ral<\/p>\n<p class=\"p1\"><strong>R\u00e9sistance \u00e0 l\u2019eau :<\/strong> 3 ATM<\/p>\n<p class=\"p1\"><strong>Bracelet Interchangeable :<\/strong> Oui<\/p>\n","protected":false},"excerpt":{"rendered":"<h5>Dieyna marie la simplicit\u00e9 d\u2019un fond blanc \u00e0 l\u2019\u00e9clat dor\u00e9 de son bo\u00eetier et de son bracelet.<\/h5>\n<p>Un design pur, \u00e9pur\u00e9, qui traverse les saisons avec gr\u00e2ce \u2014 pour les femmes qui avancent avec assurance et l\u00e9g\u00e8ret\u00e9.<\/p>\n","protected":false},"featured_media":1722,"comment_status":"open","ping_status":"closed","template":"","meta":[],"product_brand":[],"product_cat":[34,35],"product_tag":[],"class_list":{"0":"post-1721","1":"product","2":"type-product","3":"status-publish","4":"has-post-thumbnail","6":"product_cat-montres","7":"product_cat-montres-femme","9":"first","10":"instock","11":"shipping-taxable","12":"purchasable","13":"product-type-simple"},"_links":{"self":[{"href":"https:\/\/terangagoods.com\/index.php\/wp-json\/wp\/v2\/product\/1721","targetHints":{"allow":["GET"]}}],"collection":[{"href":"https:\/\/terangagoods.com\/index.php\/wp-json\/wp\/v2\/product"}],"about":[{"href":"https:\/\/terangagoods.com\/index.php\/wp-json\/wp\/v2\/types\/product"}],"replies":[{"embeddable":true,"href":"https:\/\/terangagoods.com\/index.php\/wp-json\/wp\/v2\/comments?post=1721"}],"wp:featuredmedia":[{"embeddable":true,"href":"https:\/\/terangagoods.com\/index.php\/wp-json\/wp\/v2\/media\/1722"}],"wp:attachment":[{"href":"https:\/\/terangagoods.com\/index.php\/wp-json\/wp\/v2\/media?parent=1721"}],"wp:term":[{"taxonomy":"product_brand","embeddable":true,"href":"https:\/\/terangagoods.com\/index.php\/wp-json\/wp\/v2\/product_brand?post=1721"},{"taxonomy":"product_cat","embeddable":true,"href":"https:\/\/terangagoods.com\/index.php\/wp-json\/wp\/v2\/product_cat?post=1721"},{"taxonomy":"product_tag","embeddable":true,"href":"https:\/\/terangagoods.com\/index.php\/wp-json\/wp\/v2\/product_tag?post=1721"}],"curies":[{"name":"wp","href":"https:\/\/api.w.org\/{rel}","templated":true}]}}