{"id":1716,"date":"2025-05-31T00:17:22","date_gmt":"2025-05-31T00:17:22","guid":{"rendered":"https:\/\/terangagoods.com\/?post_type=product&#038;p=1716"},"modified":"2026-05-05T15:20:02","modified_gmt":"2026-05-05T15:20:02","slug":"montre-femme-collection-kitoko-nayah","status":"publish","type":"product","link":"https:\/\/terangagoods.com\/index.php\/product\/montre-femme-collection-kitoko-nayah\/","title":{"rendered":"Montre Femme Collection Kitoko \u2013 Nayah"},"content":{"rendered":"<p class=\"p1\">Une nouvelle collection qui perp\u00e9tue cette qu\u00eate de beaut\u00e9 et d\u2019\u00e9l\u00e9gance intemporelle, avec la m\u00eame gr\u00e2ce qui a fait le succ\u00e8s de notre bracelet Kitoko.`<\/p>\n<p class=\"p1\"><strong>Mati\u00e8re du Bracelet :<\/strong> Acier Inoxydable<\/p>\n<p class=\"p1\"><strong>Couleur du Cadran : <\/strong>Dor\u00e9<\/p>\n<p class=\"p1\"><strong>Fond :<\/strong> Vert Menthe<\/p>\n<p class=\"p1\"><strong>Taille de bo\u00eetier<\/strong> : 23x37mm<\/p>\n<p><strong>Forme du bo\u00eetier :<\/strong> Carr\u00e9<\/p>\n<p class=\"p1\"><strong>Mati\u00e8re du bo\u00eetier :<\/strong> Acier Inoxydable<\/p>\n<p class=\"p1\"><strong>Verre :<\/strong> Min\u00e9ral<\/p>\n<p class=\"p1\"><strong>R\u00e9sistance \u00e0 l\u2019eau :<\/strong> 3 ATM<\/p>\n<p class=\"p1\"><strong>Bracelet Interchangeable :<\/strong> Oui<\/p>\n","protected":false},"excerpt":{"rendered":"<h5>Nayah incarne une \u00e9l\u00e9gance vivifiante.<\/h5>\n<p>Son bracelet dor\u00e9 sublime un cadran vert menthe \u00e9clatant, pour une allure \u00e0 la fois audacieuse et gracieuse. Une montre qui attire le regard tout en conservant une douceur raffin\u00e9e.<\/p>\n","protected":false},"featured_media":1717,"comment_status":"open","ping_status":"closed","template":"","meta":[],"product_brand":[],"product_cat":[34,35],"product_tag":[],"class_list":{"0":"post-1716","1":"product","2":"type-product","3":"status-publish","4":"has-post-thumbnail","6":"product_cat-montres","7":"product_cat-montres-femme","9":"first","10":"instock","11":"shipping-taxable","12":"purchasable","13":"product-type-simple"},"_links":{"self":[{"href":"https:\/\/terangagoods.com\/index.php\/wp-json\/wp\/v2\/product\/1716","targetHints":{"allow":["GET"]}}],"collection":[{"href":"https:\/\/terangagoods.com\/index.php\/wp-json\/wp\/v2\/product"}],"about":[{"href":"https:\/\/terangagoods.com\/index.php\/wp-json\/wp\/v2\/types\/product"}],"replies":[{"embeddable":true,"href":"https:\/\/terangagoods.com\/index.php\/wp-json\/wp\/v2\/comments?post=1716"}],"wp:featuredmedia":[{"embeddable":true,"href":"https:\/\/terangagoods.com\/index.php\/wp-json\/wp\/v2\/media\/1717"}],"wp:attachment":[{"href":"https:\/\/terangagoods.com\/index.php\/wp-json\/wp\/v2\/media?parent=1716"}],"wp:term":[{"taxonomy":"product_brand","embeddable":true,"href":"https:\/\/terangagoods.com\/index.php\/wp-json\/wp\/v2\/product_brand?post=1716"},{"taxonomy":"product_cat","embeddable":true,"href":"https:\/\/terangagoods.com\/index.php\/wp-json\/wp\/v2\/product_cat?post=1716"},{"taxonomy":"product_tag","embeddable":true,"href":"https:\/\/terangagoods.com\/index.php\/wp-json\/wp\/v2\/product_tag?post=1716"}],"curies":[{"name":"wp","href":"https:\/\/api.w.org\/{rel}","templated":true}]}}