{"id":1657,"date":"2025-04-23T14:38:13","date_gmt":"2025-04-23T14:38:13","guid":{"rendered":"https:\/\/terangagoods.com\/?post_type=product&#038;p=1657"},"modified":"2025-10-21T19:14:49","modified_gmt":"2025-10-21T19:14:49","slug":"sac-a-main-clutch-oumy-edition-limitee","status":"publish","type":"product","link":"https:\/\/terangagoods.com\/index.php\/product\/sac-a-main-clutch-oumy-edition-limitee\/","title":{"rendered":"Sac \u00e0 main Clutch Oumy \u00c9dition Limit\u00e9e"},"content":{"rendered":"<p class=\"p1\">D&rsquo;une \u00e9l\u00e9gance intemporelle et d&rsquo;une classe ind\u00e9niable, le clutch Oumy est le compagnon id\u00e9al pour vos sorties.<\/p>\n<p>\ud835\udc03\ud835\udc22\ud835\udc26\ud835\udc1e\ud835\udc27\ud835\udc2c\ud835\udc22\ud835\udc28\ud835\udc27\ud835\udc2c :<br \/>\nLargeur : 33cm<br \/>\nHauteur : 17cm<br \/>\nProfondeur : 6cm<\/p>\n","protected":false},"excerpt":{"rendered":"<h5 class=\"p1\">Notre nouveau clutch Oumy est une cr\u00e9ation d&rsquo;exception qui symbolise l&rsquo;\u00e9l\u00e9gance \u00e0 l&rsquo;\u00e9tat pur.<\/h5>\n<p class=\"p1\">Avec ses dimensions parfaites, il offre l&rsquo;espace id\u00e9al pour vos essentiels tout en conservant une silhouette raffin\u00e9e.<\/p>\n","protected":false},"featured_media":1758,"comment_status":"open","ping_status":"closed","template":"","meta":[],"product_brand":[],"product_cat":[21],"product_tag":[],"class_list":{"0":"post-1657","1":"product","2":"type-product","3":"status-publish","4":"has-post-thumbnail","6":"product_cat-sac-a-main","8":"first","9":"instock","10":"sale","11":"shipping-taxable","12":"purchasable","13":"product-type-simple"},"_links":{"self":[{"href":"https:\/\/terangagoods.com\/index.php\/wp-json\/wp\/v2\/product\/1657","targetHints":{"allow":["GET"]}}],"collection":[{"href":"https:\/\/terangagoods.com\/index.php\/wp-json\/wp\/v2\/product"}],"about":[{"href":"https:\/\/terangagoods.com\/index.php\/wp-json\/wp\/v2\/types\/product"}],"replies":[{"embeddable":true,"href":"https:\/\/terangagoods.com\/index.php\/wp-json\/wp\/v2\/comments?post=1657"}],"wp:featuredmedia":[{"embeddable":true,"href":"https:\/\/terangagoods.com\/index.php\/wp-json\/wp\/v2\/media\/1758"}],"wp:attachment":[{"href":"https:\/\/terangagoods.com\/index.php\/wp-json\/wp\/v2\/media?parent=1657"}],"wp:term":[{"taxonomy":"product_brand","embeddable":true,"href":"https:\/\/terangagoods.com\/index.php\/wp-json\/wp\/v2\/product_brand?post=1657"},{"taxonomy":"product_cat","embeddable":true,"href":"https:\/\/terangagoods.com\/index.php\/wp-json\/wp\/v2\/product_cat?post=1657"},{"taxonomy":"product_tag","embeddable":true,"href":"https:\/\/terangagoods.com\/index.php\/wp-json\/wp\/v2\/product_tag?post=1657"}],"curies":[{"name":"wp","href":"https:\/\/api.w.org\/{rel}","templated":true}]}}