{"id":1612,"date":"2025-03-28T13:58:08","date_gmt":"2025-03-28T13:58:08","guid":{"rendered":"https:\/\/terangagoods.com\/?post_type=product&#038;p=1612"},"modified":"2026-04-10T14:24:52","modified_gmt":"2026-04-10T14:24:52","slug":"montre-collection-senegal-4-avril","status":"publish","type":"product","link":"https:\/\/terangagoods.com\/index.php\/product\/montre-collection-senegal-4-avril\/","title":{"rendered":"Montre Collection S\u00e9n\u00e9gal \u2013 4 Avril"},"content":{"rendered":"<p class=\"p1\">Une collection pour ceux qui portent le S\u00e9n\u00e9gal dans leur c\u0153ur et \u00e0 leur poignet.<\/p>\n<p class=\"p1\"><strong>Mati\u00e8re du Bracelet : <\/strong>Cuir ou Acier Inoxydable selon le mod\u00e8le<\/p>\n<p class=\"p1\"><strong>Couleur du Cadran : <\/strong>Argent<\/p>\n<p class=\"p1\"><strong>Fond du Cadran :<\/strong> Blanc avec design en Vert, Jaune et Rouge<\/p>\n<p class=\"p1\"><strong>Couleur des aiguilles :<\/strong> Argent\u00e9<\/p>\n<p class=\"p1\"><strong>Taille de bo\u00eetier<\/strong> : 41mm<\/p>\n<p class=\"p1\"><strong>Mati\u00e8re du bo\u00eetier :<\/strong> Acier Inoxydable<\/p>\n<p class=\"p1\"><strong>Verre :<\/strong> Min\u00e9ral<\/p>\n<p class=\"p1\"><strong>R\u00e9sistance \u00e0 l\u2019eau :<\/strong> 3 ATM<\/p>\n<p class=\"p1\"><strong>Bracelet Interchangeable :<\/strong> Oui<\/p>\n","protected":false},"excerpt":{"rendered":"<p class=\"p1\">La montre 4 Avril de la Collection S\u00e9n\u00e9gal est un symbole du combat pour l\u2019ind\u00e9pendance.<\/p>\n","protected":false},"featured_media":1624,"comment_status":"open","ping_status":"closed","template":"","meta":[],"product_brand":[],"product_cat":[34,47],"product_tag":[],"class_list":{"0":"post-1612","1":"product","2":"type-product","3":"status-publish","4":"has-post-thumbnail","6":"product_cat-montres","7":"product_cat-montres-homme","9":"first","10":"instock","11":"shipping-taxable","12":"purchasable","13":"product-type-variable"},"_links":{"self":[{"href":"https:\/\/terangagoods.com\/index.php\/wp-json\/wp\/v2\/product\/1612","targetHints":{"allow":["GET"]}}],"collection":[{"href":"https:\/\/terangagoods.com\/index.php\/wp-json\/wp\/v2\/product"}],"about":[{"href":"https:\/\/terangagoods.com\/index.php\/wp-json\/wp\/v2\/types\/product"}],"replies":[{"embeddable":true,"href":"https:\/\/terangagoods.com\/index.php\/wp-json\/wp\/v2\/comments?post=1612"}],"wp:featuredmedia":[{"embeddable":true,"href":"https:\/\/terangagoods.com\/index.php\/wp-json\/wp\/v2\/media\/1624"}],"wp:attachment":[{"href":"https:\/\/terangagoods.com\/index.php\/wp-json\/wp\/v2\/media?parent=1612"}],"wp:term":[{"taxonomy":"product_brand","embeddable":true,"href":"https:\/\/terangagoods.com\/index.php\/wp-json\/wp\/v2\/product_brand?post=1612"},{"taxonomy":"product_cat","embeddable":true,"href":"https:\/\/terangagoods.com\/index.php\/wp-json\/wp\/v2\/product_cat?post=1612"},{"taxonomy":"product_tag","embeddable":true,"href":"https:\/\/terangagoods.com\/index.php\/wp-json\/wp\/v2\/product_tag?post=1612"}],"curies":[{"name":"wp","href":"https:\/\/api.w.org\/{rel}","templated":true}]}}