{"id":1605,"date":"2025-03-28T13:57:53","date_gmt":"2025-03-28T13:57:53","guid":{"rendered":"https:\/\/terangagoods.com\/?post_type=product&#038;p=1605"},"modified":"2026-04-04T01:08:33","modified_gmt":"2026-04-04T01:08:33","slug":"montre-collection-senegal-patriote","status":"publish","type":"product","link":"https:\/\/terangagoods.com\/index.php\/product\/montre-collection-senegal-patriote\/","title":{"rendered":"Montre Collection S\u00e9n\u00e9gal \u2013 Patriote"},"content":{"rendered":"<p class=\"p1\">Un choix parfait pour ceux qui souhaitent marquer leurs sentiments avec force et sophistication.<\/p>\n<p class=\"p1\"><strong>Mati\u00e8re du Bracelet : <\/strong>Cuir ou Acier Inoxydable selon le mod\u00e8le<\/p>\n<p class=\"p1\"><strong>Couleur du Cadran : <\/strong>Argent<\/p>\n<p class=\"p1\"><strong>Fond du Cadran :<\/strong> Blanc avec design en Vert, Jaune et Rouge<\/p>\n<p class=\"p1\"><strong>Couleur des aiguilles :<\/strong> Argent\u00e9<\/p>\n<p class=\"p1\"><strong>Taille de bo\u00eetier<\/strong> : 41mm<\/p>\n<p class=\"p1\"><strong>Mati\u00e8re du bo\u00eetier :<\/strong> Acier Inoxydable<\/p>\n<p class=\"p1\"><strong>Verre :<\/strong> Min\u00e9ral<\/p>\n<p class=\"p1\"><strong>R\u00e9sistance \u00e0 l\u2019eau :<\/strong> 3 ATM<\/p>\n<p class=\"p1\"><strong>Bracelet Interchangeable :<\/strong> Oui<\/p>\n","protected":false},"excerpt":{"rendered":"<p>La montre <strong>Patriote<\/strong> de la Collection S\u00e9n\u00e9gal repr\u00e9sente l\u2019engagement et l\u2019amour du pays.<\/p>\n<p>Il incarne ceux qui d\u00e9fendent avec fiert\u00e9 les valeurs du S\u00e9n\u00e9gal.<\/p>\n","protected":false},"featured_media":1619,"comment_status":"open","ping_status":"closed","template":"","meta":[],"product_brand":[],"product_cat":[34,47],"product_tag":[],"class_list":{"0":"post-1605","1":"product","2":"type-product","3":"status-publish","4":"has-post-thumbnail","6":"product_cat-montres","7":"product_cat-montres-homme","9":"first","10":"instock","11":"sale","12":"shipping-taxable","13":"purchasable","14":"product-type-variable"},"_links":{"self":[{"href":"https:\/\/terangagoods.com\/index.php\/wp-json\/wp\/v2\/product\/1605","targetHints":{"allow":["GET"]}}],"collection":[{"href":"https:\/\/terangagoods.com\/index.php\/wp-json\/wp\/v2\/product"}],"about":[{"href":"https:\/\/terangagoods.com\/index.php\/wp-json\/wp\/v2\/types\/product"}],"replies":[{"embeddable":true,"href":"https:\/\/terangagoods.com\/index.php\/wp-json\/wp\/v2\/comments?post=1605"}],"wp:featuredmedia":[{"embeddable":true,"href":"https:\/\/terangagoods.com\/index.php\/wp-json\/wp\/v2\/media\/1619"}],"wp:attachment":[{"href":"https:\/\/terangagoods.com\/index.php\/wp-json\/wp\/v2\/media?parent=1605"}],"wp:term":[{"taxonomy":"product_brand","embeddable":true,"href":"https:\/\/terangagoods.com\/index.php\/wp-json\/wp\/v2\/product_brand?post=1605"},{"taxonomy":"product_cat","embeddable":true,"href":"https:\/\/terangagoods.com\/index.php\/wp-json\/wp\/v2\/product_cat?post=1605"},{"taxonomy":"product_tag","embeddable":true,"href":"https:\/\/terangagoods.com\/index.php\/wp-json\/wp\/v2\/product_tag?post=1605"}],"curies":[{"name":"wp","href":"https:\/\/api.w.org\/{rel}","templated":true}]}}