{"id":1398,"date":"2025-02-04T23:30:49","date_gmt":"2025-02-04T23:30:49","guid":{"rendered":"https:\/\/terangagoods.com\/?post_type=product&#038;p=1398"},"modified":"2025-08-11T13:26:50","modified_gmt":"2025-08-11T13:26:50","slug":"bracelet-en-cuir-baobab-marron","status":"publish","type":"product","link":"https:\/\/terangagoods.com\/index.php\/product\/bracelet-en-cuir-baobab-marron\/","title":{"rendered":"Bracelet en Cuir Baobab Marron"},"content":{"rendered":"","protected":false},"excerpt":{"rendered":"<h5>Un accessoire incontournable pour un look \u00e0 la fois moderne et \u00e9l\u00e9gant !<\/h5>\n<p>Ce bracelet en cuir marron fonc\u00e9 et acier inoxydable, dot\u00e9 d\u2019un fermoir m\u00e9canique s\u00e9curis\u00e9 par un syst\u00e8me magn\u00e9tique, est une pi\u00e8ce de qualit\u00e9.<\/p>\n<p>Sa taille unique s\u2019adapte id\u00e9alement \u00e0 la majorit\u00e9 des poignets masculins.<\/p>\n","protected":false},"featured_media":1399,"comment_status":"open","ping_status":"closed","template":"","meta":[],"product_brand":[],"product_cat":[41,49],"product_tag":[],"class_list":{"0":"post-1398","1":"product","2":"type-product","3":"status-publish","4":"has-post-thumbnail","6":"product_cat-accessoires","7":"product_cat-bracelet","9":"first","10":"instock","11":"shipping-taxable","12":"purchasable","13":"product-type-simple"},"_links":{"self":[{"href":"https:\/\/terangagoods.com\/index.php\/wp-json\/wp\/v2\/product\/1398","targetHints":{"allow":["GET"]}}],"collection":[{"href":"https:\/\/terangagoods.com\/index.php\/wp-json\/wp\/v2\/product"}],"about":[{"href":"https:\/\/terangagoods.com\/index.php\/wp-json\/wp\/v2\/types\/product"}],"replies":[{"embeddable":true,"href":"https:\/\/terangagoods.com\/index.php\/wp-json\/wp\/v2\/comments?post=1398"}],"wp:featuredmedia":[{"embeddable":true,"href":"https:\/\/terangagoods.com\/index.php\/wp-json\/wp\/v2\/media\/1399"}],"wp:attachment":[{"href":"https:\/\/terangagoods.com\/index.php\/wp-json\/wp\/v2\/media?parent=1398"}],"wp:term":[{"taxonomy":"product_brand","embeddable":true,"href":"https:\/\/terangagoods.com\/index.php\/wp-json\/wp\/v2\/product_brand?post=1398"},{"taxonomy":"product_cat","embeddable":true,"href":"https:\/\/terangagoods.com\/index.php\/wp-json\/wp\/v2\/product_cat?post=1398"},{"taxonomy":"product_tag","embeddable":true,"href":"https:\/\/terangagoods.com\/index.php\/wp-json\/wp\/v2\/product_tag?post=1398"}],"curies":[{"name":"wp","href":"https:\/\/api.w.org\/{rel}","templated":true}]}}