{"id":1371,"date":"2025-01-29T20:36:06","date_gmt":"2025-01-29T20:36:06","guid":{"rendered":"https:\/\/terangagoods.com\/?post_type=product&#038;p=1371"},"modified":"2026-05-05T15:46:38","modified_gmt":"2026-05-05T15:46:38","slug":"montre-femme-collection-allure-alya","status":"publish","type":"product","link":"https:\/\/terangagoods.com\/index.php\/product\/montre-femme-collection-allure-alya\/","title":{"rendered":"Montre Femme Collection Allure &#8211; Alya"},"content":{"rendered":"<p class=\"p1\">La collection Allure incarne l\u2019\u00e9l\u00e9gance intemporelle, con\u00e7ue pour la femme moderne qui appr\u00e9cie les pi\u00e8ces raffin\u00e9es, subtilement classiques et r\u00e9solument contemporaines.<\/p>\n<p class=\"p1\"><strong>Mati\u00e8re du Bracelet :<\/strong> Acier Inoxydable<\/p>\n<p class=\"p1\"><strong>Couleur du Cadran : <\/strong>Rose Gold<\/p>\n<p class=\"p1\"><strong>Fond :<\/strong> Blanc<\/p>\n<p class=\"p1\"><strong>Taille de bo\u00eetier<\/strong> : 31mm<\/p>\n<p><strong>Forme du bo\u00eetier :<\/strong> Oval<\/p>\n<p class=\"p1\"><strong>Mati\u00e8re du bo\u00eetier :<\/strong> Acier Inoxydable<\/p>\n<p class=\"p1\"><strong>Verre :<\/strong> Min\u00e9ral<\/p>\n<p class=\"p1\"><strong>R\u00e9sistance \u00e0 l\u2019eau :<\/strong> 3 ATM<\/p>\n<p class=\"p1\"><strong>Bracelet Interchangeable :<\/strong> Oui<\/p>\n","protected":false},"excerpt":{"rendered":"<h5 class=\"p1\">Collection Allure : \u00c9l\u00e9gance et Sophistication<\/h5>\n<p class=\"p1\">Subtile et raffin\u00e9e, cette montre rose gold avec fond blanc refl\u00e8te une f\u00e9minit\u00e9 douce et noble.<\/p>\n<p class=\"p1\">Chaque montre de cette collection, de taille 31mm et \u00e0 la forme ovale d\u00e9licate, est un hommage \u00e0 l\u2019art de l\u2019horlogerie, alliant finesse et fonctionnalit\u00e9 avec des mat\u00e9riaux de qualit\u00e9 sup\u00e9rieure.<\/p>\n","protected":false},"featured_media":1372,"comment_status":"open","ping_status":"closed","template":"","meta":[],"product_brand":[],"product_cat":[34,35],"product_tag":[],"class_list":{"0":"post-1371","1":"product","2":"type-product","3":"status-publish","4":"has-post-thumbnail","6":"product_cat-montres","7":"product_cat-montres-femme","9":"first","10":"instock","11":"shipping-taxable","12":"purchasable","13":"product-type-simple"},"_links":{"self":[{"href":"https:\/\/terangagoods.com\/index.php\/wp-json\/wp\/v2\/product\/1371","targetHints":{"allow":["GET"]}}],"collection":[{"href":"https:\/\/terangagoods.com\/index.php\/wp-json\/wp\/v2\/product"}],"about":[{"href":"https:\/\/terangagoods.com\/index.php\/wp-json\/wp\/v2\/types\/product"}],"replies":[{"embeddable":true,"href":"https:\/\/terangagoods.com\/index.php\/wp-json\/wp\/v2\/comments?post=1371"}],"wp:featuredmedia":[{"embeddable":true,"href":"https:\/\/terangagoods.com\/index.php\/wp-json\/wp\/v2\/media\/1372"}],"wp:attachment":[{"href":"https:\/\/terangagoods.com\/index.php\/wp-json\/wp\/v2\/media?parent=1371"}],"wp:term":[{"taxonomy":"product_brand","embeddable":true,"href":"https:\/\/terangagoods.com\/index.php\/wp-json\/wp\/v2\/product_brand?post=1371"},{"taxonomy":"product_cat","embeddable":true,"href":"https:\/\/terangagoods.com\/index.php\/wp-json\/wp\/v2\/product_cat?post=1371"},{"taxonomy":"product_tag","embeddable":true,"href":"https:\/\/terangagoods.com\/index.php\/wp-json\/wp\/v2\/product_tag?post=1371"}],"curies":[{"name":"wp","href":"https:\/\/api.w.org\/{rel}","templated":true}]}}