{"id":1341,"date":"2025-01-28T21:15:40","date_gmt":"2025-01-28T21:15:40","guid":{"rendered":"https:\/\/terangagoods.com\/?post_type=product&#038;p=1341"},"modified":"2026-04-15T14:41:36","modified_gmt":"2026-04-15T14:41:36","slug":"montre-homme-collection-soppe-tippo","status":"publish","type":"product","link":"https:\/\/terangagoods.com\/index.php\/product\/montre-homme-collection-soppe-tippo\/","title":{"rendered":"Montre Homme Collection Sopp\u00e9 \u2013 Tippo"},"content":{"rendered":"<p class=\"p1\">Parfaite pour ceux qui avancent avec confiance et distinction.<\/p>\n<p class=\"p1\"><strong>Mati\u00e8re du Bracelet : <\/strong>Cuir<\/p>\n<p class=\"p1\"><strong>Couleur du Cadran : <\/strong>Argent<\/p>\n<p><strong>Fond du Cadran :<\/strong> Vert<\/p>\n<p class=\"p1\"><strong>Couleur des aiguilles :<\/strong> Argent\u00e9<\/p>\n<p class=\"p1\"><strong>Taille de bo\u00eetier<\/strong> : 41mm<\/p>\n<p class=\"p1\"><strong>Mati\u00e8re du bo\u00eetier :<\/strong> Acier Inoxydable<\/p>\n<p class=\"p1\"><strong>Verre :<\/strong> Min\u00e9ral<\/p>\n<p class=\"p1\"><strong>R\u00e9sistance \u00e0 l\u2019eau :<\/strong> 3 ATM<\/p>\n<p class=\"p1\"><strong>Bracelet Interchangeable :<\/strong> Oui<\/p>\n","protected":false},"excerpt":{"rendered":"<h5>Tippo, une montre qui incarne s\u00e9r\u00e9nit\u00e9 et \u00e9l\u00e9gance.<\/h5>\n<p>Avec son fond vert \u00e9clatant et son bracelet en cuir assorti, elle refl\u00e8te la loyaut\u00e9, la fiabilit\u00e9 et un style intemporel.<\/p>\n","protected":false},"featured_media":1380,"comment_status":"open","ping_status":"closed","template":"","meta":[],"product_brand":[],"product_cat":[34,47],"product_tag":[],"class_list":{"0":"post-1341","1":"product","2":"type-product","3":"status-publish","4":"has-post-thumbnail","6":"product_cat-montres","7":"product_cat-montres-homme","9":"first","10":"instock","11":"shipping-taxable","12":"purchasable","13":"product-type-simple"},"_links":{"self":[{"href":"https:\/\/terangagoods.com\/index.php\/wp-json\/wp\/v2\/product\/1341","targetHints":{"allow":["GET"]}}],"collection":[{"href":"https:\/\/terangagoods.com\/index.php\/wp-json\/wp\/v2\/product"}],"about":[{"href":"https:\/\/terangagoods.com\/index.php\/wp-json\/wp\/v2\/types\/product"}],"replies":[{"embeddable":true,"href":"https:\/\/terangagoods.com\/index.php\/wp-json\/wp\/v2\/comments?post=1341"}],"wp:featuredmedia":[{"embeddable":true,"href":"https:\/\/terangagoods.com\/index.php\/wp-json\/wp\/v2\/media\/1380"}],"wp:attachment":[{"href":"https:\/\/terangagoods.com\/index.php\/wp-json\/wp\/v2\/media?parent=1341"}],"wp:term":[{"taxonomy":"product_brand","embeddable":true,"href":"https:\/\/terangagoods.com\/index.php\/wp-json\/wp\/v2\/product_brand?post=1341"},{"taxonomy":"product_cat","embeddable":true,"href":"https:\/\/terangagoods.com\/index.php\/wp-json\/wp\/v2\/product_cat?post=1341"},{"taxonomy":"product_tag","embeddable":true,"href":"https:\/\/terangagoods.com\/index.php\/wp-json\/wp\/v2\/product_tag?post=1341"}],"curies":[{"name":"wp","href":"https:\/\/api.w.org\/{rel}","templated":true}]}}