{"id":1040,"date":"2024-12-14T13:47:06","date_gmt":"2024-12-14T13:47:06","guid":{"rendered":"https:\/\/terangagoods.com\/?post_type=product&#038;p=1040"},"modified":"2026-04-15T14:41:36","modified_gmt":"2026-04-15T14:41:36","slug":"montre-homme-collection-royukaay-madiba","status":"publish","type":"product","link":"https:\/\/terangagoods.com\/index.php\/product\/montre-homme-collection-royukaay-madiba\/","title":{"rendered":"Montre Homme Collection Royukaay \u2013 Madiba"},"content":{"rendered":"<p class=\"p1\">Portez la Madiba et emportez avec vous une part de cet h\u00e9ritage historique et inspirant.<\/p>\n<p class=\"p1\"><strong>Mati\u00e8re du Bracelet : <\/strong>Acier Inoxydable<\/p>\n<p class=\"p1\"><strong>Couleur du Cadran : <\/strong>Argent<\/p>\n<p><strong>Fond du Cadran : <\/strong>Argent<\/p>\n<p class=\"p1\"><strong>Couleur des aiguilles :<\/strong> Argent\u00e9<\/p>\n<p class=\"p1\"><strong>Taille de bo\u00eetier<\/strong> : 41mm<\/p>\n<p class=\"p1\"><strong>Mati\u00e8re du bo\u00eetier :<\/strong> Acier Inoxydable<\/p>\n<p class=\"p1\"><strong>Verre :<\/strong> Min\u00e9ral<\/p>\n<p class=\"p1\"><strong>R\u00e9sistance \u00e0 l\u2019eau :<\/strong> 3 ATM<\/p>\n<p class=\"p1\"><strong>Bracelet Interchangeable :<\/strong> Oui<\/p>\n","protected":false},"excerpt":{"rendered":"<p class=\"p1\">La montre <b>Madiba<\/b>, avec son cadran de 41mm, rend hommage \u00e0 l\u2019ic\u00f4ne mondiale de la libert\u00e9, Nelson Mandela.<\/p>\n<p class=\"p1\">\u00c9voquant la force et la r\u00e9silience de cet homme qui a fa\u00e7onn\u00e9 l&rsquo;histoire, ce mod\u00e8le arbore un bracelet en cha\u00eene argent\u00e9e, symbolisant \u00e0 la fois l&rsquo;\u00e9l\u00e9gance et la t\u00e9nacit\u00e9.<\/p>\n","protected":false},"featured_media":1383,"comment_status":"open","ping_status":"closed","template":"","meta":[],"product_brand":[],"product_cat":[34,47],"product_tag":[],"class_list":{"0":"post-1040","1":"product","2":"type-product","3":"status-publish","4":"has-post-thumbnail","6":"product_cat-montres","7":"product_cat-montres-homme","9":"first","10":"instock","11":"shipping-taxable","12":"purchasable","13":"product-type-simple"},"_links":{"self":[{"href":"https:\/\/terangagoods.com\/index.php\/wp-json\/wp\/v2\/product\/1040","targetHints":{"allow":["GET"]}}],"collection":[{"href":"https:\/\/terangagoods.com\/index.php\/wp-json\/wp\/v2\/product"}],"about":[{"href":"https:\/\/terangagoods.com\/index.php\/wp-json\/wp\/v2\/types\/product"}],"replies":[{"embeddable":true,"href":"https:\/\/terangagoods.com\/index.php\/wp-json\/wp\/v2\/comments?post=1040"}],"wp:featuredmedia":[{"embeddable":true,"href":"https:\/\/terangagoods.com\/index.php\/wp-json\/wp\/v2\/media\/1383"}],"wp:attachment":[{"href":"https:\/\/terangagoods.com\/index.php\/wp-json\/wp\/v2\/media?parent=1040"}],"wp:term":[{"taxonomy":"product_brand","embeddable":true,"href":"https:\/\/terangagoods.com\/index.php\/wp-json\/wp\/v2\/product_brand?post=1040"},{"taxonomy":"product_cat","embeddable":true,"href":"https:\/\/terangagoods.com\/index.php\/wp-json\/wp\/v2\/product_cat?post=1040"},{"taxonomy":"product_tag","embeddable":true,"href":"https:\/\/terangagoods.com\/index.php\/wp-json\/wp\/v2\/product_tag?post=1040"}],"curies":[{"name":"wp","href":"https:\/\/api.w.org\/{rel}","templated":true}]}}