{"id":1036,"date":"2024-12-14T11:53:29","date_gmt":"2024-12-14T11:53:29","guid":{"rendered":"https:\/\/terangagoods.com\/?post_type=product&#038;p=1036"},"modified":"2026-04-16T14:43:27","modified_gmt":"2026-04-16T14:43:27","slug":"montre-femme-collection-taaru-jigeen","status":"publish","type":"product","link":"https:\/\/terangagoods.com\/index.php\/product\/montre-femme-collection-taaru-jigeen\/","title":{"rendered":"Montre Femme Collection Taaru &#8211; Jigeen"},"content":{"rendered":"<p class=\"p1\">D\u00e9couvrez la collection Taaru, o\u00f9 l&rsquo;\u00e9l\u00e9gance rencontre l&rsquo;exquis. Chaque montre est orn\u00e9e d\u2019un cadran en acier inoxydable de 36 mm sublim\u00e9 par 8 cristaux Swarovski blancs, capturant la lumi\u00e8re avec \u00e9clat.<\/p>\n<p class=\"p1\"><strong>Mati\u00e8re du Bracelet :<\/strong> Acier Inoxydable<\/p>\n<p class=\"p1\"><strong>Couleur du Cadran : <\/strong>Argent<\/p>\n<p class=\"p1\"><strong>Fond :<\/strong> Magenta<\/p>\n<p class=\"p1\"><strong>Taille de bo\u00eetier<\/strong> : 36mm<\/p>\n<p class=\"p1\"><strong>Mati\u00e8re du bo\u00eetier :<\/strong> Acier Inoxydable<\/p>\n<p class=\"p1\"><strong>Verre :<\/strong> Min\u00e9ral<\/p>\n<p class=\"p1\"><strong>R\u00e9sistance \u00e0 l\u2019eau :<\/strong> 3 ATM<\/p>\n<p class=\"p1\"><strong>Bracelet Interchangeable :<\/strong> Oui<\/p>\n","protected":false},"excerpt":{"rendered":"<h5 class=\"p1\">Jigeen c\u00e9l\u00e8bre la f\u00e9minit\u00e9 avec audace et \u00e9clat.<\/h5>\n<p class=\"p1\">Son bracelet en acier inoxydable argent\u00e9 allie modernit\u00e9 et finesse, tandis que le cadran au fond magenta vibrant, encadr\u00e9 par un contour argent\u00e9, apporte une touche de sophistication color\u00e9e.<\/p>\n","protected":false},"featured_media":1384,"comment_status":"open","ping_status":"closed","template":"","meta":[],"product_brand":[],"product_cat":[34,35],"product_tag":[],"class_list":{"0":"post-1036","1":"product","2":"type-product","3":"status-publish","4":"has-post-thumbnail","6":"product_cat-montres","7":"product_cat-montres-femme","9":"first","10":"instock","11":"shipping-taxable","12":"purchasable","13":"product-type-simple"},"_links":{"self":[{"href":"https:\/\/terangagoods.com\/index.php\/wp-json\/wp\/v2\/product\/1036","targetHints":{"allow":["GET"]}}],"collection":[{"href":"https:\/\/terangagoods.com\/index.php\/wp-json\/wp\/v2\/product"}],"about":[{"href":"https:\/\/terangagoods.com\/index.php\/wp-json\/wp\/v2\/types\/product"}],"replies":[{"embeddable":true,"href":"https:\/\/terangagoods.com\/index.php\/wp-json\/wp\/v2\/comments?post=1036"}],"wp:featuredmedia":[{"embeddable":true,"href":"https:\/\/terangagoods.com\/index.php\/wp-json\/wp\/v2\/media\/1384"}],"wp:attachment":[{"href":"https:\/\/terangagoods.com\/index.php\/wp-json\/wp\/v2\/media?parent=1036"}],"wp:term":[{"taxonomy":"product_brand","embeddable":true,"href":"https:\/\/terangagoods.com\/index.php\/wp-json\/wp\/v2\/product_brand?post=1036"},{"taxonomy":"product_cat","embeddable":true,"href":"https:\/\/terangagoods.com\/index.php\/wp-json\/wp\/v2\/product_cat?post=1036"},{"taxonomy":"product_tag","embeddable":true,"href":"https:\/\/terangagoods.com\/index.php\/wp-json\/wp\/v2\/product_tag?post=1036"}],"curies":[{"name":"wp","href":"https:\/\/api.w.org\/{rel}","templated":true}]}}