{"id":1032,"date":"2024-12-14T10:51:14","date_gmt":"2024-12-14T10:51:14","guid":{"rendered":"https:\/\/terangagoods.com\/?post_type=product&#038;p=1032"},"modified":"2026-05-05T15:46:38","modified_gmt":"2026-05-05T15:46:38","slug":"montre-femme-collection-taaru-jongoma","status":"publish","type":"product","link":"https:\/\/terangagoods.com\/index.php\/product\/montre-femme-collection-taaru-jongoma\/","title":{"rendered":"Montre Femme Collection Taaru &#8211; J\u00f2ngoma"},"content":{"rendered":"<p class=\"p1\">D\u00e9couvrez la collection Taaru, o\u00f9 l&rsquo;\u00e9l\u00e9gance rencontre l&rsquo;exquis. Chaque montre est orn\u00e9e d\u2019un cadran en acier inoxydable de 36 mm sublim\u00e9 par 8 cristaux Swarovski blancs, capturant la lumi\u00e8re avec \u00e9clat.<\/p>\n<p class=\"p1\"><strong>Mati\u00e8re du Bracelet :<\/strong> Cuir<\/p>\n<p class=\"p1\"><strong>Couleur du Cadran : <\/strong>Rose Gold<\/p>\n<p class=\"p1\"><strong>Fond :<\/strong> Rouge<\/p>\n<p class=\"p1\"><strong>Taille de bo\u00eetier<\/strong> : 36mm<\/p>\n<p class=\"p1\"><strong>Mati\u00e8re du bo\u00eetier :<\/strong> Acier Inoxydable<\/p>\n<p class=\"p1\"><strong>Verre :<\/strong> Min\u00e9ral<\/p>\n<p class=\"p1\"><strong>R\u00e9sistance \u00e0 l\u2019eau :<\/strong> 3 ATM<\/p>\n<p class=\"p1\"><strong>Bracelet Interchangeable :<\/strong> Oui<\/p>\n","protected":false},"excerpt":{"rendered":"<h5 class=\"p1\">J\u00f2ngoma incarne le charme audacieux et l&rsquo;\u00e9l\u00e9gance f\u00e9minine.<\/h5>\n<p class=\"p1\">Son bracelet en cuir rouge vibrant s\u2019harmonise parfaitement avec le contour du cadran en rose gold, apportant une touche de sophistication et de modernit\u00e9.<\/p>\n","protected":false},"featured_media":1388,"comment_status":"open","ping_status":"closed","template":"","meta":[],"product_brand":[],"product_cat":[34,35],"product_tag":[],"class_list":{"0":"post-1032","1":"product","2":"type-product","3":"status-publish","4":"has-post-thumbnail","6":"product_cat-montres","7":"product_cat-montres-femme","9":"first","10":"instock","11":"shipping-taxable","12":"purchasable","13":"product-type-simple"},"_links":{"self":[{"href":"https:\/\/terangagoods.com\/index.php\/wp-json\/wp\/v2\/product\/1032","targetHints":{"allow":["GET"]}}],"collection":[{"href":"https:\/\/terangagoods.com\/index.php\/wp-json\/wp\/v2\/product"}],"about":[{"href":"https:\/\/terangagoods.com\/index.php\/wp-json\/wp\/v2\/types\/product"}],"replies":[{"embeddable":true,"href":"https:\/\/terangagoods.com\/index.php\/wp-json\/wp\/v2\/comments?post=1032"}],"wp:featuredmedia":[{"embeddable":true,"href":"https:\/\/terangagoods.com\/index.php\/wp-json\/wp\/v2\/media\/1388"}],"wp:attachment":[{"href":"https:\/\/terangagoods.com\/index.php\/wp-json\/wp\/v2\/media?parent=1032"}],"wp:term":[{"taxonomy":"product_brand","embeddable":true,"href":"https:\/\/terangagoods.com\/index.php\/wp-json\/wp\/v2\/product_brand?post=1032"},{"taxonomy":"product_cat","embeddable":true,"href":"https:\/\/terangagoods.com\/index.php\/wp-json\/wp\/v2\/product_cat?post=1032"},{"taxonomy":"product_tag","embeddable":true,"href":"https:\/\/terangagoods.com\/index.php\/wp-json\/wp\/v2\/product_tag?post=1032"}],"curies":[{"name":"wp","href":"https:\/\/api.w.org\/{rel}","templated":true}]}}