{"id":1029,"date":"2024-12-14T10:24:07","date_gmt":"2024-12-14T10:24:07","guid":{"rendered":"https:\/\/terangagoods.com\/?post_type=product&#038;p=1029"},"modified":"2026-04-07T15:38:23","modified_gmt":"2026-04-07T15:38:23","slug":"montre-homme-collection-ndaanaan-ndongo-lo","status":"publish","type":"product","link":"https:\/\/terangagoods.com\/index.php\/product\/montre-homme-collection-ndaanaan-ndongo-lo\/","title":{"rendered":"Montre Homme Collection Ndaanaan \u2013 Ndongo L\u00f4"},"content":{"rendered":"<p class=\"p1\">Avec son bo\u00eetier rond de 40mm, elle allie robustesse et l\u00e9g\u00e8ret\u00e9, tandis que le bracelet en cuir v\u00e9ritable ajoute une touche de sobri\u00e9t\u00e9.<\/p>\n<p class=\"p1\"><strong>Mati\u00e8re du Bracelet : <\/strong>Acier Inoxydable<\/p>\n<p class=\"p1\"><strong>Couleur du Cadran : <\/strong>Argent<\/p>\n<p class=\"p1\"><strong>Couleur des aiguilles :<\/strong> Argent\u00e9<\/p>\n<p class=\"p1\"><strong>Taille de bo\u00eetier<\/strong> : 40mm<\/p>\n<p class=\"p1\"><strong>Mati\u00e8re du bo\u00eetier :<\/strong> Acier Inoxydable<\/p>\n<p class=\"p1\"><strong>Verre :<\/strong> Min\u00e9ral<\/p>\n<p class=\"p1\"><strong>R\u00e9sistance \u00e0 l\u2019eau :<\/strong> 3 ATM<\/p>\n<p class=\"p1\"><strong>Bracelet Interchangeable :<\/strong> Oui<\/p>\n","protected":false},"excerpt":{"rendered":"<p>La montre <strong>Ndongo Lo<\/strong>\u00a0de la <strong>collection Ndaanaan<\/strong> rend hommage \u00e0 Ndongo Lo, ic\u00f4ne de la musique s\u00e9n\u00e9galaise. Il refl\u00e8te la grandeur de son inspirateur.<\/p>\n","protected":false},"featured_media":1381,"comment_status":"open","ping_status":"closed","template":"","meta":[],"product_brand":[],"product_cat":[34,47],"product_tag":[],"class_list":{"0":"post-1029","1":"product","2":"type-product","3":"status-publish","4":"has-post-thumbnail","6":"product_cat-montres","7":"product_cat-montres-homme","9":"first","10":"instock","11":"shipping-taxable","12":"purchasable","13":"product-type-simple"},"_links":{"self":[{"href":"https:\/\/terangagoods.com\/index.php\/wp-json\/wp\/v2\/product\/1029","targetHints":{"allow":["GET"]}}],"collection":[{"href":"https:\/\/terangagoods.com\/index.php\/wp-json\/wp\/v2\/product"}],"about":[{"href":"https:\/\/terangagoods.com\/index.php\/wp-json\/wp\/v2\/types\/product"}],"replies":[{"embeddable":true,"href":"https:\/\/terangagoods.com\/index.php\/wp-json\/wp\/v2\/comments?post=1029"}],"wp:featuredmedia":[{"embeddable":true,"href":"https:\/\/terangagoods.com\/index.php\/wp-json\/wp\/v2\/media\/1381"}],"wp:attachment":[{"href":"https:\/\/terangagoods.com\/index.php\/wp-json\/wp\/v2\/media?parent=1029"}],"wp:term":[{"taxonomy":"product_brand","embeddable":true,"href":"https:\/\/terangagoods.com\/index.php\/wp-json\/wp\/v2\/product_brand?post=1029"},{"taxonomy":"product_cat","embeddable":true,"href":"https:\/\/terangagoods.com\/index.php\/wp-json\/wp\/v2\/product_cat?post=1029"},{"taxonomy":"product_tag","embeddable":true,"href":"https:\/\/terangagoods.com\/index.php\/wp-json\/wp\/v2\/product_tag?post=1029"}],"curies":[{"name":"wp","href":"https:\/\/api.w.org\/{rel}","templated":true}]}}